{"id":153009,"date":"2025-07-03T12:04:56","date_gmt":"2025-07-03T10:04:56","guid":{"rendered":"https:\/\/handilifesport.com\/?post_type=product&#038;p=153009"},"modified":"2025-08-18T14:53:08","modified_gmt":"2025-08-18T12:53:08","slug":"indendors-og-udendors-kroketsaet-copy","status":"publish","type":"product","link":"https:\/\/handilifesport.com\/da\/vare\/indendors-og-udendors-kroketsaet-copy\/","title":{"rendered":"Krokets\u00e6t til haven"},"content":{"rendered":"","protected":false},"excerpt":{"rendered":"<div class=\"pnumber\"><strong>Udend\u00f8rs krokets\u00e6t.<\/strong><\/div>\n<div>Krokets\u00e6t til udend\u00f8rs brug.<\/div>\n<div class=\"pnumber\">\n<p>Krokets\u00e6ttet til haven best\u00e5r af 9 metalbuer af h\u00f8j kvalitet, 4 tr\u00e6k\u00f8ller, 2 vendepinde og 4 solide kroketkugler med glat eller let tekstureret overflade.<\/p>\n<p>Det hele leveres pakket i en taske.<\/p>\n<p>Brug sommeren til et hyggeligt spil kroket p\u00e5 gr\u00e6spl\u00e6nen &#8211; det er sjovt, og alle kan v\u00e6re med!<\/p>\n<\/div>\n<div class=\"pnumber\"><strong>Ovenn\u00e6vnte pris er ekskl. moms. <\/strong><\/div>\n<div class=\"pnumber\"><strong>Pris i DKK inkl. moms 703,25 pr. s\u00e6t.<\/strong><\/div>\n","protected":false},"featured_media":153020,"template":"","meta":{"_acf_changed":false,"neve_meta_sidebar":"","neve_meta_container":"","neve_meta_enable_content_width":"off","neve_meta_content_width":100,"neve_meta_title_alignment":"","neve_meta_author_avatar":"","neve_post_elements_order":"","neve_meta_disable_header":"","neve_meta_disable_footer":"","neve_meta_disable_title":"","neve_meta_reading_time":"","_ti_tpc_template_sync":false,"_ti_tpc_template_id":""},"product_cat":[4164,4285],"product_tag":[5266,4785,4573],"segments":[4529,4532,5038],"sports":[4540],"class_list":{"0":"post-153009","1":"product","2":"type-product","3":"status-publish","4":"has-post-thumbnail","6":"product_cat-rekreative-spil","7":"product_cat-kroket-og-krolf","8":"product_tag-aktiviteter-for-aeldre","9":"product_tag-kroket-da","10":"product_tag-senior-sport-da","11":"pa_countryorigin-dk-da","12":"pa_tarif-9506-9990-00-da","13":"segments-firma-og-familiesport","14":"segments-plejecentre","15":"segments-seniorsport","16":"sports-kroket","18":"first","19":"instock","20":"taxable","21":"shipping-taxable","22":"purchasable","23":"product-type-simple"},"acf":[],"aioseo_notices":[],"_links":{"self":[{"href":"https:\/\/handilifesport.com\/da\/wp-json\/wp\/v2\/product\/153009","targetHints":{"allow":["GET"]}}],"collection":[{"href":"https:\/\/handilifesport.com\/da\/wp-json\/wp\/v2\/product"}],"about":[{"href":"https:\/\/handilifesport.com\/da\/wp-json\/wp\/v2\/types\/product"}],"wp:featuredmedia":[{"embeddable":true,"href":"https:\/\/handilifesport.com\/da\/wp-json\/wp\/v2\/media\/153020"}],"wp:attachment":[{"href":"https:\/\/handilifesport.com\/da\/wp-json\/wp\/v2\/media?parent=153009"}],"wp:term":[{"taxonomy":"product_cat","embeddable":true,"href":"https:\/\/handilifesport.com\/da\/wp-json\/wp\/v2\/product_cat?post=153009"},{"taxonomy":"product_tag","embeddable":true,"href":"https:\/\/handilifesport.com\/da\/wp-json\/wp\/v2\/product_tag?post=153009"},{"taxonomy":"segments","embeddable":true,"href":"https:\/\/handilifesport.com\/da\/wp-json\/wp\/v2\/segments?post=153009"},{"taxonomy":"sports","embeddable":true,"href":"https:\/\/handilifesport.com\/da\/wp-json\/wp\/v2\/sports?post=153009"}],"curies":[{"name":"wp","href":"https:\/\/api.w.org\/{rel}","templated":true}]}}