{"id":153352,"date":"2025-07-17T15:40:18","date_gmt":"2025-07-17T13:40:18","guid":{"rendered":"https:\/\/handilifesport.com\/?post_type=product&#038;p=153352"},"modified":"2025-09-12T12:44:38","modified_gmt":"2025-09-12T10:44:38","slug":"superior-boccia-rygsaek-sort-copy","status":"publish","type":"product","link":"https:\/\/handilifesport.com\/da\/vare\/superior-boccia-rygsaek-sort-copy\/","title":{"rendered":"Superior Boccia rygs\u00e6k &#8211; vinr\u00f8d"},"content":{"rendered":"","protected":false},"excerpt":{"rendered":"<div class=\"pnumber\"><strong>Superior Boccia Rygs\u00e6k i vinr\u00f8d med gylden strop og lynl\u00e5s<\/strong><\/div>\n<div><\/div>\n<ul>\n<li class=\"pnumber\">Med ekstra stor forlomme (plads til en boccia skumbakke eller ekstra boccia bolde)<\/li>\n<li class=\"pnumber\">Fast indl\u00e6g for at beskytte boccia boldene<\/li>\n<\/ul>\n<div>\n<p>Rygs\u00e6kken er lavet af st\u00e6rk polyester.<\/p>\n<\/div>\n<div>Indl\u00e6ggene til Superior Boccia tasken og Superior rygs\u00e6kkene er lavet af <strong>GENBRUGS ABS MATERIALE.<\/strong><br \/><em><strong>Resultatet er fantastisk<\/strong><\/em>: indl\u00e6gget ser godt ud, og bakkerne fra det genbrugte ABS-materiale er blevet endnu st\u00e6rkere!<\/div>\n<div><\/div>\n<div><strong>Dimensioner:<\/strong> 48 cm x 32 cm x 12 cm.<\/div>\n<div>Lavet af polyester.<\/div>\n<div>Med en ekstra stor forlomme.<\/div>\n<div><\/div>\n<div class=\"pdesc\"><strong>Ovenn\u00e6vnte pris er ekskl. moms.<\/strong><\/div>\n<div class=\"pdesc\"><strong>Pris i DKK inkl. moms 1.023,- pr. stk.<\/strong><\/div>\n","protected":false},"featured_media":153366,"template":"","meta":{"_acf_changed":false,"neve_meta_sidebar":"","neve_meta_container":"","neve_meta_enable_content_width":"off","neve_meta_content_width":100,"neve_meta_title_alignment":"","neve_meta_author_avatar":"","neve_post_elements_order":"","neve_meta_disable_header":"","neve_meta_disable_footer":"","neve_meta_disable_title":"","neve_meta_reading_time":"","_ti_tpc_template_sync":false,"_ti_tpc_template_id":""},"product_cat":[4525,4498,4553],"product_tag":[4850,4845,4849,4846,4848,4847,4851],"segments":[4526],"sports":[4516],"class_list":{"0":"post-153352","1":"product","2":"type-product","3":"status-publish","4":"has-post-thumbnail","6":"product_cat-nye-produkter-da","7":"product_cat-boccia-udstyr-da","8":"product_cat-boccia-tasker","9":"product_tag-boccia-rygsaek-da","10":"product_tag-boccia-taske-da-2","11":"product_tag-bocciarygsaek","12":"product_tag-rygsaek-da","13":"product_tag-rygsaek-med-indlaeg-da","14":"product_tag-rygsaek-til-boccia-da","15":"product_tag-superior-boccia-rygsaek-da","16":"pa_countryorigin-dk-da","17":"pa_tarif-4202-9291-10-da","18":"segments-parasport","19":"sports-boccia-da","21":"first","22":"instock","23":"taxable","24":"shipping-taxable","25":"purchasable","26":"product-type-simple"},"acf":[],"aioseo_notices":[],"_links":{"self":[{"href":"https:\/\/handilifesport.com\/da\/wp-json\/wp\/v2\/product\/153352","targetHints":{"allow":["GET"]}}],"collection":[{"href":"https:\/\/handilifesport.com\/da\/wp-json\/wp\/v2\/product"}],"about":[{"href":"https:\/\/handilifesport.com\/da\/wp-json\/wp\/v2\/types\/product"}],"wp:featuredmedia":[{"embeddable":true,"href":"https:\/\/handilifesport.com\/da\/wp-json\/wp\/v2\/media\/153366"}],"wp:attachment":[{"href":"https:\/\/handilifesport.com\/da\/wp-json\/wp\/v2\/media?parent=153352"}],"wp:term":[{"taxonomy":"product_cat","embeddable":true,"href":"https:\/\/handilifesport.com\/da\/wp-json\/wp\/v2\/product_cat?post=153352"},{"taxonomy":"product_tag","embeddable":true,"href":"https:\/\/handilifesport.com\/da\/wp-json\/wp\/v2\/product_tag?post=153352"},{"taxonomy":"segments","embeddable":true,"href":"https:\/\/handilifesport.com\/da\/wp-json\/wp\/v2\/segments?post=153352"},{"taxonomy":"sports","embeddable":true,"href":"https:\/\/handilifesport.com\/da\/wp-json\/wp\/v2\/sports?post=153352"}],"curies":[{"name":"wp","href":"https:\/\/api.w.org\/{rel}","templated":true}]}}