{"id":154504,"date":"2025-07-26T17:07:57","date_gmt":"2025-07-26T15:07:57","guid":{"rendered":"https:\/\/handilifesport.com\/product\/boccia-superior-shine-i-blaa-skuldertaske\/"},"modified":"2025-08-20T17:57:53","modified_gmt":"2025-08-20T15:57:53","slug":"boccia-superior-shine-i-blaa-skuldertaske","status":"publish","type":"product","link":"https:\/\/handilifesport.com\/da\/vare\/boccia-superior-shine-i-blaa-skuldertaske\/","title":{"rendered":"Boccia Superior Shine i bl\u00e5 skuldertaske"},"content":{"rendered":"","protected":false},"excerpt":{"rendered":"<p data-start=\"140\" data-end=\"525\"><span style=\"color: #ff0000;\">Dette er et andensorteringsprodukt med mindre kosmetiske fejl. Kuglerne har det forkerte logo (\u201cBoccia Superior Classic\u201d i stedet for \u201cBoccia Superior Shine\u201d) samt et udtv\u00e6ret BISFed-licensstempel. Nogle kugler er stemplet. Vi kan ikke garantere, at s\u00e6ttet vil blive godkendt til brug i officielle konkurrencer. Tasken har ogs\u00e5 mindre sk\u00f8nhedsfejl. Se fotos for yderligere information.<\/span><\/p>\n<p data-start=\"527\" data-end=\"612\">S\u00e6ttet best\u00e5r af 6 r\u00f8de, 6 bl\u00e5 og 1 hvid jack-kugle og leveres i en bl\u00e5 skuldertaske.<\/p>\n<p data-start=\"614\" data-end=\"806\"><strong data-start=\"614\" data-end=\"641\">Superior Shine-kuglerne<\/strong> er fremstillet af et h\u00f8jtydende polyethylen-materiale, som b\u00e5de er ekstremt tyndt og meget st\u00e6rkt \u2013 hvilket giver h\u00f8j pr\u00e6cision. Overfladen er blank, men ikke glat.<\/p>\n<p data-start=\"808\" data-end=\"856\"><strong data-start=\"808\" data-end=\"856\">M\u00e5l i henhold til internationale standarder:<\/strong><\/p>\n<ul data-start=\"857\" data-end=\"929\">\n<li data-start=\"857\" data-end=\"883\">\n<p data-start=\"859\" data-end=\"883\">Omkreds: 270 mm \u00b1 8 mm<\/p>\n<\/li>\n<li data-start=\"884\" data-end=\"906\">\n<p data-start=\"886\" data-end=\"906\">V\u00e6gt: 275 g \u00b1 12 g<\/p>\n<\/li>\n<li data-start=\"907\" data-end=\"929\">\n<p data-start=\"909\" data-end=\"929\">Diameter: ca. 8,5 cm<\/p>\n<\/li>\n<\/ul>\n<p data-start=\"931\" data-end=\"1155\">Da dette er et outletprodukt, vil kuglerne have blandet h\u00e5rdhed \u2013 fra medium bl\u00f8d til medium h\u00e5rd. Bem\u00e6rk venligst, at Superior Shine-kuglerne vil bl\u00f8dg\u00f8re lidt og opn\u00e5 deres endelige og varige h\u00e5rdhed efter nogen tids brug.<\/p>\n<p data-start=\"1157\" data-end=\"1194\"><span style=\"color: #ff0000;\">Outletprodukter tages ikke retur.<\/span><\/p>\n<p data-start=\"1196\" data-end=\"1489\"><strong data-start=\"1196\" data-end=\"1204\">OBS:<\/strong> Priserne er ekskl. moms.<br data-start=\"1229\" data-end=\"1232\" \/><em>K\u00f8b fra EU-kunder uden et gyldigt momsregistreringsnummer till\u00e6gges moms i henhold til momssatsen i det p\u00e5g\u00e6ldende EU-land.<\/em><br data-start=\"1355\" data-end=\"1358\" \/><em>K\u00f8b fra lande uden for EU p\u00e5l\u00e6gges ikke moms, men lokale myndigheder kan opkr\u00e6ve moms eller told \u2013 dette er uden for vores kontrol.<\/em><\/p>\n","protected":false},"featured_media":154661,"template":"","meta":{"_acf_changed":false,"neve_meta_sidebar":"","neve_meta_container":"","neve_meta_enable_content_width":"off","neve_meta_content_width":100,"neve_meta_title_alignment":"","neve_meta_author_avatar":"","neve_post_elements_order":"","neve_meta_disable_header":"","neve_meta_disable_footer":"","neve_meta_disable_title":"","neve_meta_reading_time":"","_ti_tpc_template_sync":false,"_ti_tpc_template_id":""},"product_cat":[5342],"product_tag":[],"segments":[],"sports":[],"class_list":{"0":"post-154504","1":"product","2":"type-product","3":"status-publish","4":"has-post-thumbnail","6":"product_cat-boccia-outlet-da","7":"pa_countryorigin-dk-da","8":"pa_tarif-9506-6200-00-da","10":"first","11":"outofstock","12":"taxable","13":"shipping-taxable","14":"purchasable","15":"product-type-simple"},"acf":[],"aioseo_notices":[],"_links":{"self":[{"href":"https:\/\/handilifesport.com\/da\/wp-json\/wp\/v2\/product\/154504","targetHints":{"allow":["GET"]}}],"collection":[{"href":"https:\/\/handilifesport.com\/da\/wp-json\/wp\/v2\/product"}],"about":[{"href":"https:\/\/handilifesport.com\/da\/wp-json\/wp\/v2\/types\/product"}],"wp:featuredmedia":[{"embeddable":true,"href":"https:\/\/handilifesport.com\/da\/wp-json\/wp\/v2\/media\/154661"}],"wp:attachment":[{"href":"https:\/\/handilifesport.com\/da\/wp-json\/wp\/v2\/media?parent=154504"}],"wp:term":[{"taxonomy":"product_cat","embeddable":true,"href":"https:\/\/handilifesport.com\/da\/wp-json\/wp\/v2\/product_cat?post=154504"},{"taxonomy":"product_tag","embeddable":true,"href":"https:\/\/handilifesport.com\/da\/wp-json\/wp\/v2\/product_tag?post=154504"},{"taxonomy":"segments","embeddable":true,"href":"https:\/\/handilifesport.com\/da\/wp-json\/wp\/v2\/segments?post=154504"},{"taxonomy":"sports","embeddable":true,"href":"https:\/\/handilifesport.com\/da\/wp-json\/wp\/v2\/sports?post=154504"}],"curies":[{"name":"wp","href":"https:\/\/api.w.org\/{rel}","templated":true}]}}