{"id":154505,"date":"2025-07-26T17:14:20","date_gmt":"2025-07-26T15:14:20","guid":{"rendered":"https:\/\/handilifesport.com\/product\/boccia-superior-shine-i-groen-taske\/"},"modified":"2025-08-20T17:55:38","modified_gmt":"2025-08-20T15:55:38","slug":"boccia-superior-shine-i-groen-taske","status":"publish","type":"product","link":"https:\/\/handilifesport.com\/da\/vare\/boccia-superior-shine-i-groen-taske\/","title":{"rendered":"Boccia Superior Shine i gr\u00f8n taske"},"content":{"rendered":"","protected":false},"excerpt":{"rendered":"<p data-start=\"91\" data-end=\"416\"><span style=\"color: #ff0000;\">Dette er et andensorteringsprodukt med mindre kosmetiske fejl. Kuglerne har det forkerte logo (\u201cBoccia Superior Classic\u201d i stedet for \u201cBoccia Superior Shine\u201d) samt et udtv\u00e6ret BISFed-licensstempel. Nogle kugler er stemplet. Tasken er udg\u00e5et af sortimentet og har ligeledes mindre sk\u00f8nhedsfejl. Se billeder for flere detaljer.<\/span><\/p>\n<p data-start=\"418\" data-end=\"503\">Et komplet Boccia Superior Shine-s\u00e6t best\u00e5ende af 6 r\u00f8de, 6 bl\u00e5 og 1 hvid jack-kugle.<\/p>\n<p data-start=\"505\" data-end=\"700\"><strong data-start=\"505\" data-end=\"532\">Superior Shine-kuglerne<\/strong> er fremstillet af et h\u00f8jteknologisk polyethylenmateriale, som b\u00e5de er meget tyndt og ekstremt st\u00e6rkt, hvilket sikrer h\u00f8j pr\u00e6cision. Overfladen er blank, men ikke glat.<\/p>\n<p data-start=\"702\" data-end=\"750\"><strong data-start=\"702\" data-end=\"750\">M\u00e5l i henhold til internationale standarder:<\/strong><\/p>\n<ul data-start=\"751\" data-end=\"823\">\n<li data-start=\"751\" data-end=\"777\">\n<p data-start=\"753\" data-end=\"777\">Omkreds: 270 mm \u00b1 8 mm<\/p>\n<\/li>\n<li data-start=\"778\" data-end=\"800\">\n<p data-start=\"780\" data-end=\"800\">V\u00e6gt: 275 g \u00b1 12 g<\/p>\n<\/li>\n<li data-start=\"801\" data-end=\"823\">\n<p data-start=\"803\" data-end=\"823\">Diameter: ca. 8,5 cm<\/p>\n<\/li>\n<\/ul>\n<p data-start=\"825\" data-end=\"1038\">Da dette er et outletprodukt, vil kuglerne have blandet h\u00e5rdhed \u2013 fra medium bl\u00f8d til medium h\u00e5rd. Bem\u00e6rk, at Superior Shine-kuglerne vil blive bl\u00f8dere og opn\u00e5 deres reelle og varige h\u00e5rdhed efter noget tids brug.<\/p>\n<p data-start=\"1040\" data-end=\"1079\">Leveres i en gr\u00f8n taske med skumindl\u00e6g.<\/p>\n<p data-start=\"1081\" data-end=\"1118\"><span style=\"color: #ff0000;\"><strong data-start=\"1081\" data-end=\"1118\">Outletprodukter tages ikke retur.<\/strong><\/span><\/p>\n<p data-start=\"1120\" data-end=\"1433\"><strong data-start=\"1120\" data-end=\"1128\">OBS:<\/strong> Priserne er ekskl. moms.<br data-start=\"1153\" data-end=\"1156\" \/><em>K\u00f8b fra EU-kunder uden gyldigt momsregistreringsnummer till\u00e6gges moms i henhold til momssatsen i det p\u00e5g\u00e6ldende EU-land.<\/em><br data-start=\"1276\" data-end=\"1279\" \/><em>K\u00f8b fra lande uden for EU bliver ikke p\u00e5lagt moms.<\/em><br data-start=\"1329\" data-end=\"1332\" \/><em>Dog kan lokale myndigheder i ikke-EU-lande opkr\u00e6ve moms eller told \u2013 dette er uden for vores kontrol.<\/em><\/p>\n","protected":false},"featured_media":154685,"template":"","meta":{"_acf_changed":false,"neve_meta_sidebar":"","neve_meta_container":"","neve_meta_enable_content_width":"off","neve_meta_content_width":100,"neve_meta_title_alignment":"","neve_meta_author_avatar":"","neve_post_elements_order":"","neve_meta_disable_header":"","neve_meta_disable_footer":"","neve_meta_disable_title":"","neve_meta_reading_time":"","_ti_tpc_template_sync":false,"_ti_tpc_template_id":""},"product_cat":[5342],"product_tag":[],"segments":[],"sports":[],"class_list":{"0":"post-154505","1":"product","2":"type-product","3":"status-publish","4":"has-post-thumbnail","6":"product_cat-boccia-outlet-da","7":"pa_countryorigin-dk-da","8":"pa_tarif-9506-6200-00-da","10":"first","11":"outofstock","12":"taxable","13":"shipping-taxable","14":"purchasable","15":"product-type-simple"},"acf":[],"aioseo_notices":[],"_links":{"self":[{"href":"https:\/\/handilifesport.com\/da\/wp-json\/wp\/v2\/product\/154505","targetHints":{"allow":["GET"]}}],"collection":[{"href":"https:\/\/handilifesport.com\/da\/wp-json\/wp\/v2\/product"}],"about":[{"href":"https:\/\/handilifesport.com\/da\/wp-json\/wp\/v2\/types\/product"}],"wp:featuredmedia":[{"embeddable":true,"href":"https:\/\/handilifesport.com\/da\/wp-json\/wp\/v2\/media\/154685"}],"wp:attachment":[{"href":"https:\/\/handilifesport.com\/da\/wp-json\/wp\/v2\/media?parent=154505"}],"wp:term":[{"taxonomy":"product_cat","embeddable":true,"href":"https:\/\/handilifesport.com\/da\/wp-json\/wp\/v2\/product_cat?post=154505"},{"taxonomy":"product_tag","embeddable":true,"href":"https:\/\/handilifesport.com\/da\/wp-json\/wp\/v2\/product_tag?post=154505"},{"taxonomy":"segments","embeddable":true,"href":"https:\/\/handilifesport.com\/da\/wp-json\/wp\/v2\/segments?post=154505"},{"taxonomy":"sports","embeddable":true,"href":"https:\/\/handilifesport.com\/da\/wp-json\/wp\/v2\/sports?post=154505"}],"curies":[{"name":"wp","href":"https:\/\/api.w.org\/{rel}","templated":true}]}}