{"id":154507,"date":"2025-07-26T17:38:12","date_gmt":"2025-07-26T15:38:12","guid":{"rendered":"https:\/\/handilifesport.com\/product\/boccia-boldformere\/"},"modified":"2025-08-20T17:50:09","modified_gmt":"2025-08-20T15:50:09","slug":"boccia-boldformere","status":"publish","type":"product","link":"https:\/\/handilifesport.com\/da\/vare\/boccia-boldformere\/","title":{"rendered":"Boccia boldformere"},"content":{"rendered":"","protected":false},"excerpt":{"rendered":"<p data-start=\"63\" data-end=\"176\">Disse boldformere er produkt-samples, og de er derfor unikke produkter i sortimentet. De fungerer efter hensigten til deres tilt\u00e6nkte form\u00e5l.<\/p>\n<p data-start=\"178\" data-end=\"365\">Brug disse boccia boldformere til at g\u00f8re dine kugler rundere \u2013 f.eks. f\u00f8r en konkurrence. Du kan ogs\u00e5 bruge dem til opbevaring af enkelte kugler, hvis du samler boldformerne med en elastik.<\/p>\n<p data-start=\"367\" data-end=\"505\">De f\u00e5s i f\u00f8lgende st\u00f8rrelser (diameter): 83,5 mm \u2013 83 mm \u2013 85 mm \u2013 86 mm \u2013 87 mm \u2013 88 mm.<br data-start=\"456\" data-end=\"459\" \/>Der findes kun \u00e9t eksemplar af hver st\u00f8rrelse.<\/p>\n<p data-start=\"367\" data-end=\"505\"><span style=\"color: #ff0000;\">Outletvarer tages ikke retur.<\/span><\/p>\n<p data-start=\"507\" data-end=\"820\"><strong data-start=\"507\" data-end=\"515\">OBS:<\/strong> Priserne er ekskl. moms.<br data-start=\"540\" data-end=\"543\" \/>K\u00f8b fra EU-kunder uden gyldigt momsregistreringsnummer till\u00e6gges moms i henhold til momssatsen i det p\u00e5g\u00e6ldende EU-land.<br data-start=\"663\" data-end=\"666\" \/>K\u00f8b fra lande uden for EU bliver ikke p\u00e5lagt moms.<br data-start=\"716\" data-end=\"719\" \/>Dog kan lokale myndigheder i ikke-EU-lande opkr\u00e6ve moms eller told \u2013 dette er uden for vores kontrol.<\/p>\n","protected":false},"featured_media":154715,"template":"","meta":{"_acf_changed":false,"neve_meta_sidebar":"","neve_meta_container":"","neve_meta_enable_content_width":"off","neve_meta_content_width":100,"neve_meta_title_alignment":"","neve_meta_author_avatar":"","neve_post_elements_order":"","neve_meta_disable_header":"","neve_meta_disable_footer":"","neve_meta_disable_title":"","neve_meta_reading_time":"","_ti_tpc_template_sync":false,"_ti_tpc_template_id":""},"product_cat":[5342],"product_tag":[],"segments":[],"sports":[],"class_list":{"0":"post-154507","1":"product","2":"type-product","3":"status-publish","4":"has-post-thumbnail","6":"product_cat-boccia-outlet-da","7":"pa_countryorigin-dk-da","8":"pa_tarif-9506-6200-00-da","10":"first","11":"outofstock","12":"sale","13":"taxable","14":"shipping-taxable","15":"purchasable","16":"product-type-simple"},"acf":[],"aioseo_notices":[],"_links":{"self":[{"href":"https:\/\/handilifesport.com\/da\/wp-json\/wp\/v2\/product\/154507","targetHints":{"allow":["GET"]}}],"collection":[{"href":"https:\/\/handilifesport.com\/da\/wp-json\/wp\/v2\/product"}],"about":[{"href":"https:\/\/handilifesport.com\/da\/wp-json\/wp\/v2\/types\/product"}],"wp:featuredmedia":[{"embeddable":true,"href":"https:\/\/handilifesport.com\/da\/wp-json\/wp\/v2\/media\/154715"}],"wp:attachment":[{"href":"https:\/\/handilifesport.com\/da\/wp-json\/wp\/v2\/media?parent=154507"}],"wp:term":[{"taxonomy":"product_cat","embeddable":true,"href":"https:\/\/handilifesport.com\/da\/wp-json\/wp\/v2\/product_cat?post=154507"},{"taxonomy":"product_tag","embeddable":true,"href":"https:\/\/handilifesport.com\/da\/wp-json\/wp\/v2\/product_tag?post=154507"},{"taxonomy":"segments","embeddable":true,"href":"https:\/\/handilifesport.com\/da\/wp-json\/wp\/v2\/segments?post=154507"},{"taxonomy":"sports","embeddable":true,"href":"https:\/\/handilifesport.com\/da\/wp-json\/wp\/v2\/sports?post=154507"}],"curies":[{"name":"wp","href":"https:\/\/api.w.org\/{rel}","templated":true}]}}