{"id":154519,"date":"2025-07-26T18:19:05","date_gmt":"2025-07-26T16:19:05","guid":{"rendered":"https:\/\/handilifesport.com\/product\/maalebaand-til-boccia-og-petanque\/"},"modified":"2025-08-20T17:35:52","modified_gmt":"2025-08-20T15:35:52","slug":"maalebaand-til-boccia-og-petanque","status":"publish","type":"product","link":"https:\/\/handilifesport.com\/da\/vare\/maalebaand-til-boccia-og-petanque\/","title":{"rendered":"M\u00e5leb\u00e5nd til boccia og petanque"},"content":{"rendered":"","protected":false},"excerpt":{"rendered":"<p><span style=\"font-weight: 400;\">Dette er en <\/span><b>udg\u00e5et version <\/b><span style=\"font-weight: 400;\">af vores almindelige m\u00e5leb\u00e5nd. Det er fuldt funktionsdygtigt.<\/span><\/p>\n<p><span style=\"font-weight: 400;\">M\u00e5leb\u00e5nd med topafl\u00e6sning, som g\u00f8r det lettere for dommeren at afl\u00e6se m\u00e5leb\u00e5ndet.<\/span><\/p>\n<p><span style=\"font-weight: 400;\">Med tap, som g\u00f8r det nemmere at m\u00e5le afstanden mellem boldene.<\/span><\/p>\n<p><span style=\"font-weight: 400;\">L\u00e6ngde: 3 meter. Skalaen er i cm.<\/span><\/p>\n<p><span style=\"font-weight: 400; color: #ff0000;\">Outletvarer tages ikke retur.<\/span><\/p>\n<p><b><i>Ovenn\u00e6vnte pris er ekskl. moms.<\/i><\/b><\/p>\n","protected":false},"featured_media":154907,"template":"","meta":{"_acf_changed":false,"neve_meta_sidebar":"","neve_meta_container":"","neve_meta_enable_content_width":"off","neve_meta_content_width":100,"neve_meta_title_alignment":"","neve_meta_author_avatar":"","neve_post_elements_order":"","neve_meta_disable_header":"","neve_meta_disable_footer":"","neve_meta_disable_title":"","neve_meta_reading_time":"","_ti_tpc_template_sync":false,"_ti_tpc_template_id":""},"product_cat":[5342,5339],"product_tag":[],"segments":[],"sports":[],"class_list":{"0":"post-154519","1":"product","2":"type-product","3":"status-publish","4":"has-post-thumbnail","6":"product_cat-boccia-outlet-da","7":"product_cat-forskellige-spil-og-aktiviteter","8":"pa_countryorigin-dk-da","9":"pa_tarif-9506-6200-00-da","11":"first","12":"instock","13":"taxable","14":"shipping-taxable","15":"purchasable","16":"product-type-simple"},"acf":[],"aioseo_notices":[],"_links":{"self":[{"href":"https:\/\/handilifesport.com\/da\/wp-json\/wp\/v2\/product\/154519","targetHints":{"allow":["GET"]}}],"collection":[{"href":"https:\/\/handilifesport.com\/da\/wp-json\/wp\/v2\/product"}],"about":[{"href":"https:\/\/handilifesport.com\/da\/wp-json\/wp\/v2\/types\/product"}],"wp:featuredmedia":[{"embeddable":true,"href":"https:\/\/handilifesport.com\/da\/wp-json\/wp\/v2\/media\/154907"}],"wp:attachment":[{"href":"https:\/\/handilifesport.com\/da\/wp-json\/wp\/v2\/media?parent=154519"}],"wp:term":[{"taxonomy":"product_cat","embeddable":true,"href":"https:\/\/handilifesport.com\/da\/wp-json\/wp\/v2\/product_cat?post=154519"},{"taxonomy":"product_tag","embeddable":true,"href":"https:\/\/handilifesport.com\/da\/wp-json\/wp\/v2\/product_tag?post=154519"},{"taxonomy":"segments","embeddable":true,"href":"https:\/\/handilifesport.com\/da\/wp-json\/wp\/v2\/segments?post=154519"},{"taxonomy":"sports","embeddable":true,"href":"https:\/\/handilifesport.com\/da\/wp-json\/wp\/v2\/sports?post=154519"}],"curies":[{"name":"wp","href":"https:\/\/api.w.org\/{rel}","templated":true}]}}