{"id":154521,"date":"2025-07-26T18:24:51","date_gmt":"2025-07-26T16:24:51","guid":{"rendered":"https:\/\/handilifesport.com\/product\/maalepasser-i-metal\/"},"modified":"2025-08-20T17:33:36","modified_gmt":"2025-08-20T15:33:36","slug":"maalepasser-i-metal","status":"publish","type":"product","link":"https:\/\/handilifesport.com\/da\/vare\/maalepasser-i-metal\/","title":{"rendered":"M\u00e5lepasser i metal"},"content":{"rendered":"","protected":false},"excerpt":{"rendered":"<p><span style=\"font-weight: 400;\">M\u00e5lepasser i metal er et <\/span><b>udg\u00e5et produkt<\/b><span style=\"font-weight: 400;\">. Den er fuldt funktionsdygtig.<\/span><\/p>\n<p><span style=\"font-weight: 400;\">Brug skruen til at l\u00f8sne eller stramme m\u00e5lepasseren for pr\u00e6cise m\u00e5linger.<\/span><\/p>\n<p><span style=\"font-weight: 400;\">Fremstillet af st\u00e5l.<\/span><\/p>\n<p><span style=\"font-weight: 400; color: #ff0000;\">Outletvarer tages ikke retur.<\/span><\/p>\n<p><b><i>Ovenn\u00e6vnte pris er ekskl. moms.<\/i><\/b><\/p>\n","protected":false},"featured_media":154919,"template":"","meta":{"_acf_changed":false,"neve_meta_sidebar":"","neve_meta_container":"","neve_meta_enable_content_width":"off","neve_meta_content_width":100,"neve_meta_title_alignment":"","neve_meta_author_avatar":"","neve_post_elements_order":"","neve_meta_disable_header":"","neve_meta_disable_footer":"","neve_meta_disable_title":"","neve_meta_reading_time":"","_ti_tpc_template_sync":false,"_ti_tpc_template_id":""},"product_cat":[5342],"product_tag":[],"segments":[],"sports":[],"class_list":{"0":"post-154521","1":"product","2":"type-product","3":"status-publish","4":"has-post-thumbnail","6":"product_cat-boccia-outlet-da","7":"pa_countryorigin-dk-da","8":"pa_tarif-9506-6200-00-da","10":"first","11":"instock","12":"taxable","13":"shipping-taxable","14":"purchasable","15":"product-type-simple"},"acf":[],"aioseo_notices":[],"_links":{"self":[{"href":"https:\/\/handilifesport.com\/da\/wp-json\/wp\/v2\/product\/154521","targetHints":{"allow":["GET"]}}],"collection":[{"href":"https:\/\/handilifesport.com\/da\/wp-json\/wp\/v2\/product"}],"about":[{"href":"https:\/\/handilifesport.com\/da\/wp-json\/wp\/v2\/types\/product"}],"wp:featuredmedia":[{"embeddable":true,"href":"https:\/\/handilifesport.com\/da\/wp-json\/wp\/v2\/media\/154919"}],"wp:attachment":[{"href":"https:\/\/handilifesport.com\/da\/wp-json\/wp\/v2\/media?parent=154521"}],"wp:term":[{"taxonomy":"product_cat","embeddable":true,"href":"https:\/\/handilifesport.com\/da\/wp-json\/wp\/v2\/product_cat?post=154521"},{"taxonomy":"product_tag","embeddable":true,"href":"https:\/\/handilifesport.com\/da\/wp-json\/wp\/v2\/product_tag?post=154521"},{"taxonomy":"segments","embeddable":true,"href":"https:\/\/handilifesport.com\/da\/wp-json\/wp\/v2\/segments?post=154521"},{"taxonomy":"sports","embeddable":true,"href":"https:\/\/handilifesport.com\/da\/wp-json\/wp\/v2\/sports?post=154521"}],"curies":[{"name":"wp","href":"https:\/\/api.w.org\/{rel}","templated":true}]}}