{"id":154525,"date":"2025-07-26T18:36:10","date_gmt":"2025-07-26T16:36:10","guid":{"rendered":"https:\/\/handilifesport.com\/product\/aktivitetssaet-med-lydbolde\/"},"modified":"2025-08-20T17:27:59","modified_gmt":"2025-08-20T15:27:59","slug":"aktivitetssaet-med-lydbolde","status":"publish","type":"product","link":"https:\/\/handilifesport.com\/da\/vare\/aktivitetssaet-med-lydbolde\/","title":{"rendered":"Aktivitetss\u00e6t med lydbolde"},"content":{"rendered":"","protected":false},"excerpt":{"rendered":"<p><span style=\"font-weight: 400;\">Showdown-boldene, tennisboldene og goalballen er 2. sorteringsvarer med uregelm\u00e6ssigheder og kosmetiske fejl. De resterende lydbolde er enten udg\u00e5ede eller pr\u00f8veprodukter. Indholdet i s\u00e6ttene kan variere fra billederne.<\/span><\/p>\n<p><span style=\"font-weight: 400;\">Fysisk aktivitet er vigtig for en sund og st\u00e6rk krop \u2013 og sport og leg g\u00f8r det sjovt for alle!\u00a0<\/span><\/p>\n<p><span style=\"font-weight: 400;\">Dette aktivitetss\u00e6t g\u00f8r det muligt at skabe sjove og engagerende aktiviteter for b\u00e5de seende og synshandicappede.<\/span><\/p>\n<p><span style=\"font-weight: 400;\">Ud over bolde til showdown, blindetennis, blindefodbold og goalball indeholder hvert s\u00e6t en overraskelse i form af to lydbolde, der ellers ikke er en del af sortimentet. Disse er enten produktpr\u00f8ver eller udg\u00e5ede varer \u2013 ikke to s\u00e6t er ens.\u00a0<\/span><\/p>\n<p><span style=\"font-weight: 400;\">Lydboldene er alsidige og kan bruges til mange forskellige aktiviteter \u2013 kun fantasien s\u00e6tter gr\u00e6nser!<\/span><\/p>\n<p><span style=\"font-weight: 400;\">Indeholder:<\/span><\/p>\n<ul>\n<li style=\"font-weight: 400;\" aria-level=\"1\"><span style=\"font-weight: 400;\">2 showdown-bolde<\/span><\/li>\n<li style=\"font-weight: 400;\" aria-level=\"1\"><span style=\"font-weight: 400;\">2 blinde-tennisbolde<\/span><\/li>\n<li style=\"font-weight: 400;\" aria-level=\"1\"><span style=\"font-weight: 400;\">1 goalball, st\u00f8rrelse 7<\/span><\/li>\n<li style=\"font-weight: 400;\" aria-level=\"1\"><span style=\"font-weight: 400;\">1 blindefodbold, st\u00f8rrelse 3<\/span><\/li>\n<li style=\"font-weight: 400;\" aria-level=\"1\"><span style=\"font-weight: 400;\">2 mystery-lydbolde \u2013 disse kan variere i st\u00f8rrelse og materiale. Se billeder for et eksempel p\u00e5 et komplet s\u00e6t<\/span><\/li>\n<li style=\"font-weight: 400;\" aria-level=\"1\"><span style=\"font-weight: 400;\">6 blindfolds i enten r\u00f8d eller sort, lavet af polyester<\/span><\/li>\n<li style=\"font-weight: 400;\" aria-level=\"1\"><span style=\"font-weight: 400;\">1 boldpumpe<\/span><\/li>\n<\/ul>\n<p><span style=\"font-weight: 400; color: #ff0000;\">Outletvarer tages ikke retur.<\/span><\/p>\n<p><b><i>Ovenn\u00e6vnte pris er ekskl. moms.<\/i><\/b><\/p>\n","protected":false},"featured_media":154967,"template":"","meta":{"_acf_changed":false,"neve_meta_sidebar":"","neve_meta_container":"","neve_meta_enable_content_width":"off","neve_meta_content_width":100,"neve_meta_title_alignment":"","neve_meta_author_avatar":"","neve_post_elements_order":"","neve_meta_disable_header":"","neve_meta_disable_footer":"","neve_meta_disable_title":"","neve_meta_reading_time":"","_ti_tpc_template_sync":false,"_ti_tpc_template_id":""},"product_cat":[5338,5339],"product_tag":[],"segments":[],"sports":[],"class_list":{"0":"post-154525","1":"product","2":"type-product","3":"status-publish","4":"has-post-thumbnail","6":"product_cat-blindesport","7":"product_cat-forskellige-spil-og-aktiviteter","8":"pa_countryorigin-dk-da","9":"pa_tarif-9506-6200-00-da","11":"first","12":"instock","13":"sale","14":"taxable","15":"shipping-taxable","16":"purchasable","17":"product-type-simple"},"acf":[],"aioseo_notices":[],"_links":{"self":[{"href":"https:\/\/handilifesport.com\/da\/wp-json\/wp\/v2\/product\/154525","targetHints":{"allow":["GET"]}}],"collection":[{"href":"https:\/\/handilifesport.com\/da\/wp-json\/wp\/v2\/product"}],"about":[{"href":"https:\/\/handilifesport.com\/da\/wp-json\/wp\/v2\/types\/product"}],"wp:featuredmedia":[{"embeddable":true,"href":"https:\/\/handilifesport.com\/da\/wp-json\/wp\/v2\/media\/154967"}],"wp:attachment":[{"href":"https:\/\/handilifesport.com\/da\/wp-json\/wp\/v2\/media?parent=154525"}],"wp:term":[{"taxonomy":"product_cat","embeddable":true,"href":"https:\/\/handilifesport.com\/da\/wp-json\/wp\/v2\/product_cat?post=154525"},{"taxonomy":"product_tag","embeddable":true,"href":"https:\/\/handilifesport.com\/da\/wp-json\/wp\/v2\/product_tag?post=154525"},{"taxonomy":"segments","embeddable":true,"href":"https:\/\/handilifesport.com\/da\/wp-json\/wp\/v2\/segments?post=154525"},{"taxonomy":"sports","embeddable":true,"href":"https:\/\/handilifesport.com\/da\/wp-json\/wp\/v2\/sports?post=154525"}],"curies":[{"name":"wp","href":"https:\/\/api.w.org\/{rel}","templated":true}]}}