{"id":154544,"date":"2025-07-26T19:32:33","date_gmt":"2025-07-26T17:32:33","guid":{"rendered":"https:\/\/handilifesport.com\/product\/boccia-first-rampe-inkl-60-cm-forlaenger\/"},"modified":"2025-08-20T16:52:01","modified_gmt":"2025-08-20T14:52:01","slug":"boccia-first-rampe-inkl-60-cm-forlaenger","status":"publish","type":"product","link":"https:\/\/handilifesport.com\/da\/vare\/boccia-first-rampe-inkl-60-cm-forlaenger\/","title":{"rendered":"Boccia First rampe, inkl. 60 cm. forl\u00e6nger"},"content":{"rendered":"","protected":false},"excerpt":{"rendered":"<p><span style=\"font-weight: 400; color: #ff0000;\">Denne genstand har v\u00e6ret brugt til udstillinger, hvilket har medf\u00f8rt flere mindre skrammer som f\u00f8lge af slid. Genstanden er ellers fuldt funktionsdygtig.<\/span><\/p>\n<p><span style=\"font-weight: 400;\">Perfekt til begyndere eller til at pr\u00f8ve boccia for f\u00f8rste gang. Rampen er forsynet med velcro p\u00e5 siderne, s\u00e5 det er muligt at bruge en velcrob\u00e5nd til at holde bocciabolden p\u00e5 plads f\u00f8r affyring.<\/span><\/p>\n<p><span style=\"font-weight: 400;\">Rampen er let og holdbar, lavet af st\u00e6rkt polycarbonat.<\/span><\/p>\n<p><span style=\"font-weight: 400;\">Den er ca. 110 cm lang uden forl\u00e6nger.<\/span><\/p>\n<p><span style=\"font-weight: 400;\">En 60 cm forl\u00e6nger medf\u00f8lger. Det er muligt at tilk\u00f8be ekstra forl\u00e6ngere (dog ikke i outletten).<\/span><\/p>\n<p><span style=\"font-weight: 400; color: #ff0000;\">Outletvarer tages ikke retur.<\/span><\/p>\n<p><b><i>Ovenn\u00e6vnte pris er ekskl. moms.<\/i><\/b><\/p>\n","protected":false},"featured_media":155189,"template":"","meta":{"_acf_changed":false,"neve_meta_sidebar":"","neve_meta_container":"","neve_meta_enable_content_width":"off","neve_meta_content_width":100,"neve_meta_title_alignment":"","neve_meta_author_avatar":"","neve_post_elements_order":"","neve_meta_disable_header":"","neve_meta_disable_footer":"","neve_meta_disable_title":"","neve_meta_reading_time":"","_ti_tpc_template_sync":false,"_ti_tpc_template_id":""},"product_cat":[5342],"product_tag":[],"segments":[],"sports":[],"class_list":{"0":"post-154544","1":"product","2":"type-product","3":"status-publish","4":"has-post-thumbnail","6":"product_cat-boccia-outlet-da","7":"pa_countryorigin-dk-da","8":"pa_tarif-9506-6200-00-da","10":"first","11":"outofstock","12":"taxable","13":"shipping-taxable","14":"purchasable","15":"product-type-simple"},"acf":[],"aioseo_notices":[],"_links":{"self":[{"href":"https:\/\/handilifesport.com\/da\/wp-json\/wp\/v2\/product\/154544","targetHints":{"allow":["GET"]}}],"collection":[{"href":"https:\/\/handilifesport.com\/da\/wp-json\/wp\/v2\/product"}],"about":[{"href":"https:\/\/handilifesport.com\/da\/wp-json\/wp\/v2\/types\/product"}],"wp:featuredmedia":[{"embeddable":true,"href":"https:\/\/handilifesport.com\/da\/wp-json\/wp\/v2\/media\/155189"}],"wp:attachment":[{"href":"https:\/\/handilifesport.com\/da\/wp-json\/wp\/v2\/media?parent=154544"}],"wp:term":[{"taxonomy":"product_cat","embeddable":true,"href":"https:\/\/handilifesport.com\/da\/wp-json\/wp\/v2\/product_cat?post=154544"},{"taxonomy":"product_tag","embeddable":true,"href":"https:\/\/handilifesport.com\/da\/wp-json\/wp\/v2\/product_tag?post=154544"},{"taxonomy":"segments","embeddable":true,"href":"https:\/\/handilifesport.com\/da\/wp-json\/wp\/v2\/segments?post=154544"},{"taxonomy":"sports","embeddable":true,"href":"https:\/\/handilifesport.com\/da\/wp-json\/wp\/v2\/sports?post=154544"}],"curies":[{"name":"wp","href":"https:\/\/api.w.org\/{rel}","templated":true}]}}