{"id":154557,"date":"2025-07-26T20:51:05","date_gmt":"2025-07-26T18:51:05","guid":{"rendered":"https:\/\/handilifesport.com\/product\/boccia-superior-classic-i-blaa-skuldertaske\/"},"modified":"2025-08-20T16:37:14","modified_gmt":"2025-08-20T14:37:14","slug":"boccia-superior-classic-i-blaa-skuldertaske","status":"publish","type":"product","link":"https:\/\/handilifesport.com\/da\/vare\/boccia-superior-classic-i-blaa-skuldertaske\/","title":{"rendered":"Boccia Superior Classic i bl\u00e5 skuldertaske"},"content":{"rendered":"","protected":false},"excerpt":{"rendered":"<p><span style=\"font-weight: 400; color: #ff0000;\">Bocciaboldene i dette s\u00e6t har ikke BISFed\/World Boccias licensstempel og kan derfor ikke bruges i officielle turneringer. B\u00e5de tasken og boldene kan have mindre kosmetiske fejl. Se billederne for detaljer.<\/span><\/p>\n<p><span style=\"font-weight: 400;\">Superior Classic-boldene er <\/span><span style=\"font-weight: 400;\">h\u00e5ndsyet af uds\u00f8gt certificeret PU (er kun til r\u00e5dighed for udvalgte producenter).<\/span><span style=\"font-weight: 400;\"> Materialet er st\u00e6rkt og bl\u00f8dt, hvilket sikrer et godt greb om bolden.<\/span><\/p>\n<p><span style=\"font-weight: 400;\">S\u00e6ttet best\u00e5r af 13 bolde: 6 r\u00f8de, 6 bl\u00e5 og 1 hvid m\u00e5lbold.<\/span><\/p>\n<p><span style=\"font-weight: 400;\">Da dette er et outlet-produkt, vil boldene have varierende h\u00e5rdhed, fra medium soft \u2013 medium \u2013 medium hard.<\/span><\/p>\n<p><span style=\"font-weight: 400;\">Alle m\u00e5l er i overensstemmelse med internationale standarder: Omkreds 270 mm +\/- 8 mm, v\u00e6gt 275 g +\/- 12 g (diameter ca. 8,5 cm).<\/span><\/p>\n<p><span style=\"font-weight: 400;\">Leveres i en bl\u00e5 skuldertaske.<\/span><\/p>\n<p><span style=\"font-weight: 400; color: #ff0000;\">Outletvarer tages ikke retur.<\/span><\/p>\n<p><b><i>Ovenn\u00e6vnte pris er ekskl. moms.<\/i><\/b><\/p>\n","protected":false},"featured_media":155351,"template":"","meta":{"_acf_changed":false,"neve_meta_sidebar":"","neve_meta_container":"","neve_meta_enable_content_width":"off","neve_meta_content_width":100,"neve_meta_title_alignment":"","neve_meta_author_avatar":"","neve_post_elements_order":"","neve_meta_disable_header":"","neve_meta_disable_footer":"","neve_meta_disable_title":"","neve_meta_reading_time":"","_ti_tpc_template_sync":false,"_ti_tpc_template_id":""},"product_cat":[5342],"product_tag":[],"segments":[],"sports":[],"class_list":{"0":"post-154557","1":"product","2":"type-product","3":"status-publish","4":"has-post-thumbnail","6":"product_cat-boccia-outlet-da","7":"pa_countryorigin-dk-da","8":"pa_tarif-9506-6200-00-da","10":"first","11":"outofstock","12":"taxable","13":"shipping-taxable","14":"purchasable","15":"product-type-simple"},"acf":[],"aioseo_notices":[],"_links":{"self":[{"href":"https:\/\/handilifesport.com\/da\/wp-json\/wp\/v2\/product\/154557","targetHints":{"allow":["GET"]}}],"collection":[{"href":"https:\/\/handilifesport.com\/da\/wp-json\/wp\/v2\/product"}],"about":[{"href":"https:\/\/handilifesport.com\/da\/wp-json\/wp\/v2\/types\/product"}],"wp:featuredmedia":[{"embeddable":true,"href":"https:\/\/handilifesport.com\/da\/wp-json\/wp\/v2\/media\/155351"}],"wp:attachment":[{"href":"https:\/\/handilifesport.com\/da\/wp-json\/wp\/v2\/media?parent=154557"}],"wp:term":[{"taxonomy":"product_cat","embeddable":true,"href":"https:\/\/handilifesport.com\/da\/wp-json\/wp\/v2\/product_cat?post=154557"},{"taxonomy":"product_tag","embeddable":true,"href":"https:\/\/handilifesport.com\/da\/wp-json\/wp\/v2\/product_tag?post=154557"},{"taxonomy":"segments","embeddable":true,"href":"https:\/\/handilifesport.com\/da\/wp-json\/wp\/v2\/segments?post=154557"},{"taxonomy":"sports","embeddable":true,"href":"https:\/\/handilifesport.com\/da\/wp-json\/wp\/v2\/sports?post=154557"}],"curies":[{"name":"wp","href":"https:\/\/api.w.org\/{rel}","templated":true}]}}