{"id":154569,"date":"2025-07-26T21:23:49","date_gmt":"2025-07-26T19:23:49","guid":{"rendered":"https:\/\/handilifesport.com\/product\/power-soccer-ball\/"},"modified":"2025-08-20T15:02:58","modified_gmt":"2025-08-20T13:02:58","slug":"power-soccer-ball","status":"publish","type":"product","link":"https:\/\/handilifesport.com\/da\/vare\/power-soccer-ball\/","title":{"rendered":"Power Soccer Ball"},"content":{"rendered":"","protected":false},"excerpt":{"rendered":"<p><span style=\"font-weight: 400;\">Dette er en <\/span><b>varepr\u00f8ve<\/b><span style=\"font-weight: 400;\">, som er brugt til udviklingen af vores standard Power Soccer-bold. Farven p\u00e5 bolden kan variere i forhold til billedet.<\/span><\/p>\n<p><span style=\"font-weight: 400;\">Denne oversize fodbold kan bruges til k\u00f8restolsfodbold, Power Soccer, Football du fauteuil roulant, Rollstuhl Fussball, f\u00fatbol en Silla de Ruedas eller bare til leg og sjov\u2026<\/span><\/p>\n<p><span style=\"font-weight: 400;\">Den er h\u00e5ndsyet og lavet af f\u00f8rsteklasses materialer. F\u00f8lger den officielle st\u00f8rrelse og v\u00e6gt for Power Soccer-bolde\/k\u00f8restolsfodbold.<\/span><\/p>\n<ul>\n<li style=\"font-weight: 400;\" aria-level=\"1\"><span style=\"font-weight: 400;\">Diameter: 33 cm<\/span><\/li>\n<li style=\"font-weight: 400;\" aria-level=\"1\"><span style=\"font-weight: 400;\">V\u00e6gt: ca. 1000 g<\/span><\/li>\n<\/ul>\n<p><span style=\"font-weight: 400; color: #ff0000;\">Outletvarer tages ikke retur.<\/span><\/p>\n<p><b><i>Ovenn\u00e6vnte pris er ekskl. moms.<\/i><\/b><\/p>\n","protected":false},"featured_media":155471,"template":"","meta":{"_acf_changed":false,"neve_meta_sidebar":"","neve_meta_container":"","neve_meta_enable_content_width":"off","neve_meta_content_width":100,"neve_meta_title_alignment":"","neve_meta_author_avatar":"","neve_post_elements_order":"","neve_meta_disable_header":"","neve_meta_disable_footer":"","neve_meta_disable_title":"","neve_meta_reading_time":"","_ti_tpc_template_sync":false,"_ti_tpc_template_id":""},"product_cat":[5339],"product_tag":[],"segments":[],"sports":[],"class_list":{"0":"post-154569","1":"product","2":"type-product","3":"status-publish","4":"has-post-thumbnail","6":"product_cat-forskellige-spil-og-aktiviteter","7":"pa_countryorigin-dk-da","8":"pa_tarif-9506-6200-00-da","10":"first","11":"outofstock","12":"taxable","13":"shipping-taxable","14":"purchasable","15":"product-type-simple"},"acf":[],"aioseo_notices":[],"_links":{"self":[{"href":"https:\/\/handilifesport.com\/da\/wp-json\/wp\/v2\/product\/154569","targetHints":{"allow":["GET"]}}],"collection":[{"href":"https:\/\/handilifesport.com\/da\/wp-json\/wp\/v2\/product"}],"about":[{"href":"https:\/\/handilifesport.com\/da\/wp-json\/wp\/v2\/types\/product"}],"wp:featuredmedia":[{"embeddable":true,"href":"https:\/\/handilifesport.com\/da\/wp-json\/wp\/v2\/media\/155471"}],"wp:attachment":[{"href":"https:\/\/handilifesport.com\/da\/wp-json\/wp\/v2\/media?parent=154569"}],"wp:term":[{"taxonomy":"product_cat","embeddable":true,"href":"https:\/\/handilifesport.com\/da\/wp-json\/wp\/v2\/product_cat?post=154569"},{"taxonomy":"product_tag","embeddable":true,"href":"https:\/\/handilifesport.com\/da\/wp-json\/wp\/v2\/product_tag?post=154569"},{"taxonomy":"segments","embeddable":true,"href":"https:\/\/handilifesport.com\/da\/wp-json\/wp\/v2\/segments?post=154569"},{"taxonomy":"sports","embeddable":true,"href":"https:\/\/handilifesport.com\/da\/wp-json\/wp\/v2\/sports?post=154569"}],"curies":[{"name":"wp","href":"https:\/\/api.w.org\/{rel}","templated":true}]}}