{"id":157840,"date":"2026-02-02T18:26:22","date_gmt":"2026-02-02T16:26:22","guid":{"rendered":"https:\/\/handilifesport.com\/product\/komplet-udendoers-kroket-saet\/"},"modified":"2026-02-02T18:26:22","modified_gmt":"2026-02-02T16:26:22","slug":"komplet-udendoers-kroket-saet","status":"publish","type":"product","link":"https:\/\/handilifesport.com\/da\/vare\/komplet-udendoers-kroket-saet\/","title":{"rendered":"Komplet udend\u00f8rs kroket-s\u00e6t"},"content":{"rendered":"","protected":false},"excerpt":{"rendered":"<p>Dette er et udg\u00e5et produkt, som ellers er fuldt funktionsdygtigt og uden fejl eller mangler.<\/p>\n<p>Spil det klassiske spil kroket p\u00e5 gr\u00e6spl\u00e6nen med dette komplette s\u00e6t, der leveres i en praktisk b\u00e6retaske.<\/p>\n<p>Indeholder alt, hvad der skal bruges til at spille kroket:<\/p>\n<p>&#8211; 4 kroketk\u00f8ller i fyrretr\u00e6 med aftagelige hoveder<br \/>\n&#8211; 4 h\u00e5rde kroketbolde<br \/>\n&#8211; 9 metalbuer (porte)<br \/>\n&#8211; 2 m\u00e5lp\u00e6le i tr\u00e6<br \/>\n&#8211; Gr\u00f8n b\u00e6retaske<\/p>\n<p><span style=\"color: #ff0000;\">Outletprodukter tages ikke retur.<\/span><\/p>\n<p><strong>BEM\u00c6RK:<\/strong> Priserne er ekskl. moms.<\/p>\n","protected":false},"featured_media":157303,"template":"","meta":{"_acf_changed":false,"neve_meta_sidebar":"","neve_meta_container":"","neve_meta_enable_content_width":"off","neve_meta_content_width":100,"neve_meta_title_alignment":"","neve_meta_author_avatar":"","neve_post_elements_order":"","neve_meta_disable_header":"","neve_meta_disable_footer":"","neve_meta_disable_title":"","neve_meta_reading_time":"","_ti_tpc_template_sync":false,"_ti_tpc_template_id":""},"product_cat":[5339],"product_tag":[],"segments":[],"sports":[],"class_list":{"0":"post-157840","1":"product","2":"type-product","3":"status-publish","4":"has-post-thumbnail","6":"product_cat-forskellige-spil-og-aktiviteter","7":"pa_countryorigin-dk-da","8":"pa_tarif-9506-9990-00-da","10":"first","11":"instock","12":"taxable","13":"shipping-taxable","14":"purchasable","15":"product-type-simple"},"acf":[],"aioseo_notices":[],"_links":{"self":[{"href":"https:\/\/handilifesport.com\/da\/wp-json\/wp\/v2\/product\/157840","targetHints":{"allow":["GET"]}}],"collection":[{"href":"https:\/\/handilifesport.com\/da\/wp-json\/wp\/v2\/product"}],"about":[{"href":"https:\/\/handilifesport.com\/da\/wp-json\/wp\/v2\/types\/product"}],"wp:featuredmedia":[{"embeddable":true,"href":"https:\/\/handilifesport.com\/da\/wp-json\/wp\/v2\/media\/157303"}],"wp:attachment":[{"href":"https:\/\/handilifesport.com\/da\/wp-json\/wp\/v2\/media?parent=157840"}],"wp:term":[{"taxonomy":"product_cat","embeddable":true,"href":"https:\/\/handilifesport.com\/da\/wp-json\/wp\/v2\/product_cat?post=157840"},{"taxonomy":"product_tag","embeddable":true,"href":"https:\/\/handilifesport.com\/da\/wp-json\/wp\/v2\/product_tag?post=157840"},{"taxonomy":"segments","embeddable":true,"href":"https:\/\/handilifesport.com\/da\/wp-json\/wp\/v2\/segments?post=157840"},{"taxonomy":"sports","embeddable":true,"href":"https:\/\/handilifesport.com\/da\/wp-json\/wp\/v2\/sports?post=157840"}],"curies":[{"name":"wp","href":"https:\/\/api.w.org\/{rel}","templated":true}]}}