{"id":157851,"date":"2026-02-02T19:13:38","date_gmt":"2026-02-02T17:13:38","guid":{"rendered":"https:\/\/handilifesport.com\/product\/stor-stofbold-i-gul-og-blaa\/"},"modified":"2026-02-02T19:13:38","modified_gmt":"2026-02-02T17:13:38","slug":"stor-stofbold-i-gul-og-blaa","status":"publish","type":"product","link":"https:\/\/handilifesport.com\/da\/vare\/stor-stofbold-i-gul-og-blaa\/","title":{"rendered":"Stor stofbold i gul og bl\u00e5"},"content":{"rendered":"","protected":false},"excerpt":{"rendered":"<p>Denne bold er en<strong> produktpr\u00f8ve<\/strong>, men ellers fuldt funktionsdygtig. <span style=\"color: #ff0000;\">Med mindre kosmetiske fejl.<\/span><\/p>\n<p>P\u00e5 trods af st\u00f8rrelsen er denne oppustelige bold let og nem at kaste. Den er fremstillet af et bl\u00f8dt, stoflignende materiale.<\/p>\n<p>Den pustes op via en <strong>strandboldventil<\/strong> \u2013 se fotos.<\/p>\n<p>Kan bruges af alle \u2013 b\u00f8rn, voksne og \u00e6ldre.<\/p>\n<p>Diameter ca. 40 cm.<\/p>\n<p><strong>BEM\u00c6RK:<\/strong> Denne bold er ikke en lydbold.<\/p>\n<p><span style=\"color: #ff0000;\">Outlet-produkter tages ikke retur.<\/span><\/p>\n<p><strong>BEM\u00c6RK:<\/strong> Priserne er ekskl. moms.<\/p>\n","protected":false},"featured_media":157435,"template":"","meta":{"_acf_changed":false,"neve_meta_sidebar":"","neve_meta_container":"","neve_meta_enable_content_width":"off","neve_meta_content_width":100,"neve_meta_title_alignment":"","neve_meta_author_avatar":"","neve_post_elements_order":"","neve_meta_disable_header":"","neve_meta_disable_footer":"","neve_meta_disable_title":"","neve_meta_reading_time":"","_ti_tpc_template_sync":false,"_ti_tpc_template_id":""},"product_cat":[5339],"product_tag":[],"segments":[],"sports":[],"class_list":{"0":"post-157851","1":"product","2":"type-product","3":"status-publish","4":"has-post-thumbnail","6":"product_cat-forskellige-spil-og-aktiviteter","7":"pa_countryorigin-dk-da","8":"pa_tarif-9506-6200-00-da","10":"first","11":"outofstock","12":"taxable","13":"shipping-taxable","14":"purchasable","15":"product-type-simple"},"acf":[],"aioseo_notices":[],"_links":{"self":[{"href":"https:\/\/handilifesport.com\/da\/wp-json\/wp\/v2\/product\/157851","targetHints":{"allow":["GET"]}}],"collection":[{"href":"https:\/\/handilifesport.com\/da\/wp-json\/wp\/v2\/product"}],"about":[{"href":"https:\/\/handilifesport.com\/da\/wp-json\/wp\/v2\/types\/product"}],"wp:featuredmedia":[{"embeddable":true,"href":"https:\/\/handilifesport.com\/da\/wp-json\/wp\/v2\/media\/157435"}],"wp:attachment":[{"href":"https:\/\/handilifesport.com\/da\/wp-json\/wp\/v2\/media?parent=157851"}],"wp:term":[{"taxonomy":"product_cat","embeddable":true,"href":"https:\/\/handilifesport.com\/da\/wp-json\/wp\/v2\/product_cat?post=157851"},{"taxonomy":"product_tag","embeddable":true,"href":"https:\/\/handilifesport.com\/da\/wp-json\/wp\/v2\/product_tag?post=157851"},{"taxonomy":"segments","embeddable":true,"href":"https:\/\/handilifesport.com\/da\/wp-json\/wp\/v2\/segments?post=157851"},{"taxonomy":"sports","embeddable":true,"href":"https:\/\/handilifesport.com\/da\/wp-json\/wp\/v2\/sports?post=157851"}],"curies":[{"name":"wp","href":"https:\/\/api.w.org\/{rel}","templated":true}]}}