{"id":157861,"date":"2026-02-02T21:33:36","date_gmt":"2026-02-02T19:33:36","guid":{"rendered":"https:\/\/handilifesport.com\/product\/stofbold-i-blaa-og-gul\/"},"modified":"2026-02-02T21:33:36","modified_gmt":"2026-02-02T19:33:36","slug":"stofbold-i-blaa-og-gul","status":"publish","type":"product","link":"https:\/\/handilifesport.com\/da\/vare\/stofbold-i-blaa-og-gul\/","title":{"rendered":"Stofbold i bl\u00e5 og gul"},"content":{"rendered":"","protected":false},"excerpt":{"rendered":"<p>Denne bold er en <strong>produktpr\u00f8ve<\/strong>, men ellers fuldt funktionsdygtig.<span style=\"color: #ff0000;\"> Med mindre kosmetiske fejl.<\/span><\/p>\n<p>Denne oppustelige bold er let og fremstillet af et bl\u00f8dt, stoflignende materiale, der g\u00f8r den behagelig at h\u00e5ndtere.<\/p>\n<p>Kan bruges af alle \u2013 b\u00f8rn, voksne og \u00e6ldre.<\/p>\n<p>Brug en boldpumpe til oppustning.<\/p>\n<p>Diameter ca. 18 cm.<\/p>\n<p><strong>BEM\u00c6RK:<\/strong> Denne bold er ikke en lydbold.<\/p>\n<p><span style=\"color: #ff0000;\">Outlet-produkter tages ikke retur.<\/span><\/p>\n<p><strong>BEM\u00c6RK:<\/strong> Priserne er ekskl. moms.<\/p>\n","protected":false},"featured_media":157495,"template":"","meta":{"_acf_changed":false,"neve_meta_sidebar":"","neve_meta_container":"","neve_meta_enable_content_width":"off","neve_meta_content_width":100,"neve_meta_title_alignment":"","neve_meta_author_avatar":"","neve_post_elements_order":"","neve_meta_disable_header":"","neve_meta_disable_footer":"","neve_meta_disable_title":"","neve_meta_reading_time":"","_ti_tpc_template_sync":false,"_ti_tpc_template_id":""},"product_cat":[5339],"product_tag":[],"segments":[],"sports":[],"class_list":{"0":"post-157861","1":"product","2":"type-product","3":"status-publish","4":"has-post-thumbnail","6":"product_cat-forskellige-spil-og-aktiviteter","7":"pa_countryorigin-dk-da","8":"pa_tarif-9506-6200-00-da","10":"first","11":"instock","12":"taxable","13":"shipping-taxable","14":"purchasable","15":"product-type-simple"},"acf":[],"aioseo_notices":[],"_links":{"self":[{"href":"https:\/\/handilifesport.com\/da\/wp-json\/wp\/v2\/product\/157861","targetHints":{"allow":["GET"]}}],"collection":[{"href":"https:\/\/handilifesport.com\/da\/wp-json\/wp\/v2\/product"}],"about":[{"href":"https:\/\/handilifesport.com\/da\/wp-json\/wp\/v2\/types\/product"}],"wp:featuredmedia":[{"embeddable":true,"href":"https:\/\/handilifesport.com\/da\/wp-json\/wp\/v2\/media\/157495"}],"wp:attachment":[{"href":"https:\/\/handilifesport.com\/da\/wp-json\/wp\/v2\/media?parent=157861"}],"wp:term":[{"taxonomy":"product_cat","embeddable":true,"href":"https:\/\/handilifesport.com\/da\/wp-json\/wp\/v2\/product_cat?post=157861"},{"taxonomy":"product_tag","embeddable":true,"href":"https:\/\/handilifesport.com\/da\/wp-json\/wp\/v2\/product_tag?post=157861"},{"taxonomy":"segments","embeddable":true,"href":"https:\/\/handilifesport.com\/da\/wp-json\/wp\/v2\/segments?post=157861"},{"taxonomy":"sports","embeddable":true,"href":"https:\/\/handilifesport.com\/da\/wp-json\/wp\/v2\/sports?post=157861"}],"curies":[{"name":"wp","href":"https:\/\/api.w.org\/{rel}","templated":true}]}}