{"id":157875,"date":"2026-02-02T22:33:45","date_gmt":"2026-02-02T20:33:45","guid":{"rendered":"https:\/\/handilifesport.com\/product\/saet-med-2-indendoersbuer-til-boccia-eller-petanque-traening\/"},"modified":"2026-02-02T22:33:45","modified_gmt":"2026-02-02T20:33:45","slug":"saet-med-2-indendoersbuer-til-boccia-eller-petanque-traening","status":"publish","type":"product","link":"https:\/\/handilifesport.com\/da\/vare\/saet-med-2-indendoersbuer-til-boccia-eller-petanque-traening\/","title":{"rendered":"S\u00e6t med 2 indend\u00f8rsbuer til boccia- eller petanque-tr\u00e6ning"},"content":{"rendered":"","protected":false},"excerpt":{"rendered":"<p><span style=\"color: #ff0000;\">Produktet har visuelle fejl i form af ridser, men er ellers fuldt funktionsdygtigt.<\/span><\/p>\n<p>Disse lette, men robuste buer er ideelle til forskellige pr\u00e6cisions\u00f8velser til boccia eller indend\u00f8rs petanque. F\u00f8dderne kan tages af, hvilket g\u00f8r dem nemme at opbevare.<\/p>\n<p>S\u00e6ttet indeholder 2 buer.<br \/>\nHver bue er 30 cm h\u00f8j. Indvendige m\u00e5l: 20 cm x 27,5 cm.<\/p>\n<p><span style=\"color: #ff0000;\">Outlet-produkter tages ikke retur.<\/span><\/p>\n<p><strong>BEM\u00c6RK:<\/strong> Priserne er ekskl. moms.<\/p>\n","protected":false},"featured_media":157603,"template":"","meta":{"_acf_changed":false,"neve_meta_sidebar":"","neve_meta_container":"","neve_meta_enable_content_width":"off","neve_meta_content_width":100,"neve_meta_title_alignment":"","neve_meta_author_avatar":"","neve_post_elements_order":"","neve_meta_disable_header":"","neve_meta_disable_footer":"","neve_meta_disable_title":"","neve_meta_reading_time":"","_ti_tpc_template_sync":false,"_ti_tpc_template_id":""},"product_cat":[5342,5339],"product_tag":[],"segments":[],"sports":[],"class_list":{"0":"post-157875","1":"product","2":"type-product","3":"status-publish","4":"has-post-thumbnail","6":"product_cat-boccia-outlet-da","7":"product_cat-forskellige-spil-og-aktiviteter","8":"pa_countryorigin-dk-da","9":"pa_tarif-9506-6200-00-da","11":"first","12":"instock","13":"taxable","14":"shipping-taxable","15":"purchasable","16":"product-type-simple"},"acf":[],"aioseo_notices":[],"_links":{"self":[{"href":"https:\/\/handilifesport.com\/da\/wp-json\/wp\/v2\/product\/157875","targetHints":{"allow":["GET"]}}],"collection":[{"href":"https:\/\/handilifesport.com\/da\/wp-json\/wp\/v2\/product"}],"about":[{"href":"https:\/\/handilifesport.com\/da\/wp-json\/wp\/v2\/types\/product"}],"wp:featuredmedia":[{"embeddable":true,"href":"https:\/\/handilifesport.com\/da\/wp-json\/wp\/v2\/media\/157603"}],"wp:attachment":[{"href":"https:\/\/handilifesport.com\/da\/wp-json\/wp\/v2\/media?parent=157875"}],"wp:term":[{"taxonomy":"product_cat","embeddable":true,"href":"https:\/\/handilifesport.com\/da\/wp-json\/wp\/v2\/product_cat?post=157875"},{"taxonomy":"product_tag","embeddable":true,"href":"https:\/\/handilifesport.com\/da\/wp-json\/wp\/v2\/product_tag?post=157875"},{"taxonomy":"segments","embeddable":true,"href":"https:\/\/handilifesport.com\/da\/wp-json\/wp\/v2\/segments?post=157875"},{"taxonomy":"sports","embeddable":true,"href":"https:\/\/handilifesport.com\/da\/wp-json\/wp\/v2\/sports?post=157875"}],"curies":[{"name":"wp","href":"https:\/\/api.w.org\/{rel}","templated":true}]}}