{"id":157877,"date":"2026-02-02T22:43:25","date_gmt":"2026-02-02T20:43:25","guid":{"rendered":"https:\/\/handilifesport.com\/product\/indendoers-bowlingsaet-med-kegler-og-bloed-bold-i-laerredstaske\/"},"modified":"2026-02-02T22:43:25","modified_gmt":"2026-02-02T20:43:25","slug":"indendoers-bowlingsaet-med-kegler-og-bloed-bold-i-laerredstaske","status":"publish","type":"product","link":"https:\/\/handilifesport.com\/da\/vare\/indendoers-bowlingsaet-med-kegler-og-bloed-bold-i-laerredstaske\/","title":{"rendered":"Indend\u00f8rs bowlings\u00e6t med kegler og bl\u00f8d bold i l\u00e6rredstaske"},"content":{"rendered":"","protected":false},"excerpt":{"rendered":"<p>Dette produkt best\u00e5r af forskellige produktpr\u00f8ver og prototyper. <span style=\"color: #ff0000;\">Keglerne er af samme type, men kan variere i farve og logo. Bolden er en 2.-sorterings boccia-jack.<\/span><\/p>\n<p>Dette indend\u00f8rs bowlings\u00e6t best\u00e5r af 6 sm\u00e5, lette, stofbekl\u00e6dte kegler egnet til indend\u00f8rs brug samt 1 bold. Bolden er bl\u00f8d, fremstillet af PU-l\u00e6der i h\u00f8j kvalitet og fyldt med plastgranulat.<\/p>\n<p>Leveres i en praktisk l\u00e6rredstaske.<\/p>\n<p>Boldens m\u00e5l: Diameter ca. 8,5 cm. V\u00e6gt ca. 275 gram.<br \/>\nKeglens h\u00f8jde: ca. 18 cm.<\/p>\n<p><span style=\"color: #ff0000;\">Outlet-produkter tages ikke retur.<\/span><\/p>\n<p><strong>BEM\u00c6RK:<\/strong> Priserne er ekskl. moms.<\/p>\n","protected":false},"featured_media":157627,"template":"","meta":{"_acf_changed":false,"neve_meta_sidebar":"","neve_meta_container":"","neve_meta_enable_content_width":"off","neve_meta_content_width":100,"neve_meta_title_alignment":"","neve_meta_author_avatar":"","neve_post_elements_order":"","neve_meta_disable_header":"","neve_meta_disable_footer":"","neve_meta_disable_title":"","neve_meta_reading_time":"","_ti_tpc_template_sync":false,"_ti_tpc_template_id":""},"product_cat":[5339],"product_tag":[],"segments":[],"sports":[],"class_list":{"0":"post-157877","1":"product","2":"type-product","3":"status-publish","4":"has-post-thumbnail","6":"product_cat-forskellige-spil-og-aktiviteter","7":"pa_countryorigin-dk-da","8":"pa_tarif-9506-9990-00-da","10":"first","11":"instock","12":"taxable","13":"shipping-taxable","14":"purchasable","15":"product-type-simple"},"acf":[],"aioseo_notices":[],"_links":{"self":[{"href":"https:\/\/handilifesport.com\/da\/wp-json\/wp\/v2\/product\/157877","targetHints":{"allow":["GET"]}}],"collection":[{"href":"https:\/\/handilifesport.com\/da\/wp-json\/wp\/v2\/product"}],"about":[{"href":"https:\/\/handilifesport.com\/da\/wp-json\/wp\/v2\/types\/product"}],"wp:featuredmedia":[{"embeddable":true,"href":"https:\/\/handilifesport.com\/da\/wp-json\/wp\/v2\/media\/157627"}],"wp:attachment":[{"href":"https:\/\/handilifesport.com\/da\/wp-json\/wp\/v2\/media?parent=157877"}],"wp:term":[{"taxonomy":"product_cat","embeddable":true,"href":"https:\/\/handilifesport.com\/da\/wp-json\/wp\/v2\/product_cat?post=157877"},{"taxonomy":"product_tag","embeddable":true,"href":"https:\/\/handilifesport.com\/da\/wp-json\/wp\/v2\/product_tag?post=157877"},{"taxonomy":"segments","embeddable":true,"href":"https:\/\/handilifesport.com\/da\/wp-json\/wp\/v2\/segments?post=157877"},{"taxonomy":"sports","embeddable":true,"href":"https:\/\/handilifesport.com\/da\/wp-json\/wp\/v2\/sports?post=157877"}],"curies":[{"name":"wp","href":"https:\/\/api.w.org\/{rel}","templated":true}]}}