{"id":157881,"date":"2026-02-02T23:00:03","date_gmt":"2026-02-02T21:00:03","guid":{"rendered":"https:\/\/handilifesport.com\/product\/bowling-partout-med-bloed-bold\/"},"modified":"2026-02-02T23:00:03","modified_gmt":"2026-02-02T21:00:03","slug":"bowling-partout-med-bloed-bold","status":"publish","type":"product","link":"https:\/\/handilifesport.com\/da\/vare\/bowling-partout-med-bloed-bold\/","title":{"rendered":"Bowling Partout med bl\u00f8d bold"},"content":{"rendered":"","protected":false},"excerpt":{"rendered":"<p><span style=\"color: #ff0000;\">Dette bowlings\u00e6t har v\u00e6ret brugt til udstillinger, og keglerne har andre farver end vores normale Bowling Partout. Bolden er en 2.-sorterings boccia-jack. Tasken er en produktpr\u00f8ve og har p\u00e5skrift.<\/span><\/p>\n<p>Dette indend\u00f8rs bowlings\u00e6t indeholder 10 lette kegler fremstillet af reng\u00f8ringsvenlig plast samt en bl\u00f8d bold af PU-l\u00e6der fyldt med plastgranulat.<\/p>\n<p>Keglens h\u00f8jde: 22 cm.<br \/>\nBoldens m\u00e5l: Diameter ca. 8,5 cm. V\u00e6gt ca. 275 gram.<\/p>\n<p>Leveres i en pose med sn\u00f8relukning.<\/p>\n<p><span style=\"color: #ff0000;\">Outlet-produkter tages ikke retur.<\/span><\/p>\n<p><strong>BEM\u00c6RK:<\/strong> Priserne er ekskl. moms.<\/p>\n","protected":false},"featured_media":157657,"template":"","meta":{"_acf_changed":false,"neve_meta_sidebar":"","neve_meta_container":"","neve_meta_enable_content_width":"off","neve_meta_content_width":100,"neve_meta_title_alignment":"","neve_meta_author_avatar":"","neve_post_elements_order":"","neve_meta_disable_header":"","neve_meta_disable_footer":"","neve_meta_disable_title":"","neve_meta_reading_time":"","_ti_tpc_template_sync":false,"_ti_tpc_template_id":""},"product_cat":[5339],"product_tag":[],"segments":[],"sports":[],"class_list":{"0":"post-157881","1":"product","2":"type-product","3":"status-publish","4":"has-post-thumbnail","6":"product_cat-forskellige-spil-og-aktiviteter","7":"pa_countryorigin-dk-da","8":"pa_tarif-9506-9990-00-da","10":"first","11":"instock","12":"taxable","13":"shipping-taxable","14":"purchasable","15":"product-type-simple"},"acf":[],"aioseo_notices":[],"_links":{"self":[{"href":"https:\/\/handilifesport.com\/da\/wp-json\/wp\/v2\/product\/157881","targetHints":{"allow":["GET"]}}],"collection":[{"href":"https:\/\/handilifesport.com\/da\/wp-json\/wp\/v2\/product"}],"about":[{"href":"https:\/\/handilifesport.com\/da\/wp-json\/wp\/v2\/types\/product"}],"wp:featuredmedia":[{"embeddable":true,"href":"https:\/\/handilifesport.com\/da\/wp-json\/wp\/v2\/media\/157657"}],"wp:attachment":[{"href":"https:\/\/handilifesport.com\/da\/wp-json\/wp\/v2\/media?parent=157881"}],"wp:term":[{"taxonomy":"product_cat","embeddable":true,"href":"https:\/\/handilifesport.com\/da\/wp-json\/wp\/v2\/product_cat?post=157881"},{"taxonomy":"product_tag","embeddable":true,"href":"https:\/\/handilifesport.com\/da\/wp-json\/wp\/v2\/product_tag?post=157881"},{"taxonomy":"segments","embeddable":true,"href":"https:\/\/handilifesport.com\/da\/wp-json\/wp\/v2\/segments?post=157881"},{"taxonomy":"sports","embeddable":true,"href":"https:\/\/handilifesport.com\/da\/wp-json\/wp\/v2\/sports?post=157881"}],"curies":[{"name":"wp","href":"https:\/\/api.w.org\/{rel}","templated":true}]}}