{"id":157884,"date":"2026-02-02T23:08:44","date_gmt":"2026-02-02T21:08:44","guid":{"rendered":"https:\/\/handilifesport.com\/product\/4-indendoerskegler-til-praecisionsspil-og-traening\/"},"modified":"2026-02-02T23:08:44","modified_gmt":"2026-02-02T21:08:44","slug":"4-indendoerskegler-til-praecisionsspil-og-traening","status":"publish","type":"product","link":"https:\/\/handilifesport.com\/da\/vare\/4-indendoerskegler-til-praecisionsspil-og-traening\/","title":{"rendered":"4 indend\u00f8rskegler til pr\u00e6cisionsspil og tr\u00e6ning"},"content":{"rendered":"","protected":false},"excerpt":{"rendered":"<p>Dette er en <strong>prototype<\/strong> p\u00e5 vores Bowling Partout-kegler.<\/p>\n<p>S\u00e6t med 4 kegler \u2013 ideelt til pr\u00e6cisionsspil eller aktiviteter til boccia- eller indend\u00f8rs petanque-tr\u00e6ning.<\/p>\n<p>Keglens h\u00f8jde: ca. 22 cm.<\/p>\n<p><span style=\"color: #ff0000;\">Outlet-produkter tages ikke retur.<\/span><\/p>\n<p><strong>BEM\u00c6RK:<\/strong> Priserne er ekskl. moms.<\/p>\n","protected":false},"featured_media":157663,"template":"","meta":{"_acf_changed":false,"neve_meta_sidebar":"","neve_meta_container":"","neve_meta_enable_content_width":"off","neve_meta_content_width":100,"neve_meta_title_alignment":"","neve_meta_author_avatar":"","neve_post_elements_order":"","neve_meta_disable_header":"","neve_meta_disable_footer":"","neve_meta_disable_title":"","neve_meta_reading_time":"","_ti_tpc_template_sync":false,"_ti_tpc_template_id":""},"product_cat":[5342,5339],"product_tag":[],"segments":[],"sports":[],"class_list":{"0":"post-157884","1":"product","2":"type-product","3":"status-publish","4":"has-post-thumbnail","6":"product_cat-boccia-outlet-da","7":"product_cat-forskellige-spil-og-aktiviteter","8":"pa_countryorigin-dk-da","9":"pa_tarif-9506-9990-00-da","11":"first","12":"instock","13":"taxable","14":"shipping-taxable","15":"purchasable","16":"product-type-simple"},"acf":[],"aioseo_notices":[],"_links":{"self":[{"href":"https:\/\/handilifesport.com\/da\/wp-json\/wp\/v2\/product\/157884","targetHints":{"allow":["GET"]}}],"collection":[{"href":"https:\/\/handilifesport.com\/da\/wp-json\/wp\/v2\/product"}],"about":[{"href":"https:\/\/handilifesport.com\/da\/wp-json\/wp\/v2\/types\/product"}],"wp:featuredmedia":[{"embeddable":true,"href":"https:\/\/handilifesport.com\/da\/wp-json\/wp\/v2\/media\/157663"}],"wp:attachment":[{"href":"https:\/\/handilifesport.com\/da\/wp-json\/wp\/v2\/media?parent=157884"}],"wp:term":[{"taxonomy":"product_cat","embeddable":true,"href":"https:\/\/handilifesport.com\/da\/wp-json\/wp\/v2\/product_cat?post=157884"},{"taxonomy":"product_tag","embeddable":true,"href":"https:\/\/handilifesport.com\/da\/wp-json\/wp\/v2\/product_tag?post=157884"},{"taxonomy":"segments","embeddable":true,"href":"https:\/\/handilifesport.com\/da\/wp-json\/wp\/v2\/segments?post=157884"},{"taxonomy":"sports","embeddable":true,"href":"https:\/\/handilifesport.com\/da\/wp-json\/wp\/v2\/sports?post=157884"}],"curies":[{"name":"wp","href":"https:\/\/api.w.org\/{rel}","templated":true}]}}