{"id":157886,"date":"2026-02-02T23:17:33","date_gmt":"2026-02-02T21:17:33","guid":{"rendered":"https:\/\/handilifesport.com\/product\/boccia-dommerbaeltetaske\/"},"modified":"2026-02-02T23:17:33","modified_gmt":"2026-02-02T21:17:33","slug":"boccia-dommerbaeltetaske","status":"publish","type":"product","link":"https:\/\/handilifesport.com\/da\/vare\/boccia-dommerbaeltetaske\/","title":{"rendered":"Boccia-dommerb\u00e6ltetaske"},"content":{"rendered":"","protected":false},"excerpt":{"rendered":"<p><span style=\"color: #ff0000;\">L\u00e6ngdejusteringsmekanismen p\u00e5 tasken er defekt \u2013 b\u00e6ltet skal stikkes ind for at blive p\u00e5 plads. N\u00e5r det er stukket ind, sidder det fast. Se fotos for eksempel.<\/span><\/p>\n<p>Boccia-dommerb\u00e6ltetasken er designet til at rumme alt, hvad boccia-dommeren har brug for, og holde det ved h\u00e5nden: dommerpaddle, m\u00e5leb\u00e5nd samt b\u00e5de lange og korte m\u00e5lecalipere\/skydel\u00e6rer.<\/p>\n<p><strong>BEM\u00c6RK:<\/strong> Udstyr medf\u00f8lger ikke.<\/p>\n<p><span style=\"color: #ff0000;\">Outlet-produkter tages ikke retur.<\/span><\/p>\n<p><strong>BEM\u00c6RK:<\/strong> Priserne er ekskl. moms.<\/p>\n","protected":false},"featured_media":157681,"template":"","meta":{"_acf_changed":false,"neve_meta_sidebar":"","neve_meta_container":"","neve_meta_enable_content_width":"off","neve_meta_content_width":100,"neve_meta_title_alignment":"","neve_meta_author_avatar":"","neve_post_elements_order":"","neve_meta_disable_header":"","neve_meta_disable_footer":"","neve_meta_disable_title":"","neve_meta_reading_time":"","_ti_tpc_template_sync":false,"_ti_tpc_template_id":""},"product_cat":[5342],"product_tag":[],"segments":[],"sports":[],"class_list":{"0":"post-157886","1":"product","2":"type-product","3":"status-publish","4":"has-post-thumbnail","6":"product_cat-boccia-outlet-da","7":"pa_countryorigin-dk-da","8":"pa_tarif-9506-6200-00-da","10":"first","11":"instock","12":"taxable","13":"shipping-taxable","14":"purchasable","15":"product-type-simple"},"acf":[],"aioseo_notices":[],"_links":{"self":[{"href":"https:\/\/handilifesport.com\/da\/wp-json\/wp\/v2\/product\/157886","targetHints":{"allow":["GET"]}}],"collection":[{"href":"https:\/\/handilifesport.com\/da\/wp-json\/wp\/v2\/product"}],"about":[{"href":"https:\/\/handilifesport.com\/da\/wp-json\/wp\/v2\/types\/product"}],"wp:featuredmedia":[{"embeddable":true,"href":"https:\/\/handilifesport.com\/da\/wp-json\/wp\/v2\/media\/157681"}],"wp:attachment":[{"href":"https:\/\/handilifesport.com\/da\/wp-json\/wp\/v2\/media?parent=157886"}],"wp:term":[{"taxonomy":"product_cat","embeddable":true,"href":"https:\/\/handilifesport.com\/da\/wp-json\/wp\/v2\/product_cat?post=157886"},{"taxonomy":"product_tag","embeddable":true,"href":"https:\/\/handilifesport.com\/da\/wp-json\/wp\/v2\/product_tag?post=157886"},{"taxonomy":"segments","embeddable":true,"href":"https:\/\/handilifesport.com\/da\/wp-json\/wp\/v2\/segments?post=157886"},{"taxonomy":"sports","embeddable":true,"href":"https:\/\/handilifesport.com\/da\/wp-json\/wp\/v2\/sports?post=157886"}],"curies":[{"name":"wp","href":"https:\/\/api.w.org\/{rel}","templated":true}]}}