{"id":157888,"date":"2026-02-02T23:30:02","date_gmt":"2026-02-02T21:30:02","guid":{"rendered":"https:\/\/handilifesport.com\/product\/mini-boccia-saet-i-blaa-taske\/"},"modified":"2026-02-02T23:30:02","modified_gmt":"2026-02-02T21:30:02","slug":"mini-boccia-saet-i-blaa-taske","status":"publish","type":"product","link":"https:\/\/handilifesport.com\/da\/vare\/mini-boccia-saet-i-blaa-taske\/","title":{"rendered":"Mini boccia-s\u00e6t i bl\u00e5 taske"},"content":{"rendered":"","protected":false},"excerpt":{"rendered":"<p>Dette er et <strong>udg\u00e5et produkt<\/strong>, som ellers er i fremragende kvalitet.<\/p>\n<p>Dette s\u00e6t med 13 h\u00e5ndsyede mini-bocciabolde leveres i en miniudgave af vores klassiske bl\u00e5 skuldertaske. B\u00e5de bolde og taske er i fremragende kvalitet og lavet af de samme materialer som vores produkter i normal st\u00f8rrelse.<\/p>\n<p>De 13 bolde er pr\u00e6cis som \u201crigtige\u201d bocciabolde, blot i mindre st\u00f8rrelse og v\u00e6gt (diameter ca. 40 mm, v\u00e6gt pr. bold ca. 30 gram).<\/p>\n<p>De kan spilles med p\u00e5 et bord eller bruges som dekorativt element \u2013 det er op til dig!<\/p>\n<p><span style=\"color: #ff0000;\">Outlet-produkter tages ikke retur.<\/span><\/p>\n<p><strong>BEM\u00c6RK:<\/strong> Priserne er ekskl. moms.<\/p>\n","protected":false},"featured_media":157717,"template":"","meta":{"_acf_changed":false,"neve_meta_sidebar":"","neve_meta_container":"","neve_meta_enable_content_width":"off","neve_meta_content_width":100,"neve_meta_title_alignment":"","neve_meta_author_avatar":"","neve_post_elements_order":"","neve_meta_disable_header":"","neve_meta_disable_footer":"","neve_meta_disable_title":"","neve_meta_reading_time":"","_ti_tpc_template_sync":false,"_ti_tpc_template_id":""},"product_cat":[5342],"product_tag":[],"segments":[],"sports":[],"class_list":{"0":"post-157888","1":"product","2":"type-product","3":"status-publish","4":"has-post-thumbnail","6":"product_cat-boccia-outlet-da","7":"pa_countryorigin-dk-da","8":"pa_tarif-9506-6200-00-da","10":"first","11":"instock","12":"taxable","13":"shipping-taxable","14":"purchasable","15":"product-type-simple"},"acf":[],"aioseo_notices":[],"_links":{"self":[{"href":"https:\/\/handilifesport.com\/da\/wp-json\/wp\/v2\/product\/157888","targetHints":{"allow":["GET"]}}],"collection":[{"href":"https:\/\/handilifesport.com\/da\/wp-json\/wp\/v2\/product"}],"about":[{"href":"https:\/\/handilifesport.com\/da\/wp-json\/wp\/v2\/types\/product"}],"wp:featuredmedia":[{"embeddable":true,"href":"https:\/\/handilifesport.com\/da\/wp-json\/wp\/v2\/media\/157717"}],"wp:attachment":[{"href":"https:\/\/handilifesport.com\/da\/wp-json\/wp\/v2\/media?parent=157888"}],"wp:term":[{"taxonomy":"product_cat","embeddable":true,"href":"https:\/\/handilifesport.com\/da\/wp-json\/wp\/v2\/product_cat?post=157888"},{"taxonomy":"product_tag","embeddable":true,"href":"https:\/\/handilifesport.com\/da\/wp-json\/wp\/v2\/product_tag?post=157888"},{"taxonomy":"segments","embeddable":true,"href":"https:\/\/handilifesport.com\/da\/wp-json\/wp\/v2\/segments?post=157888"},{"taxonomy":"sports","embeddable":true,"href":"https:\/\/handilifesport.com\/da\/wp-json\/wp\/v2\/sports?post=157888"}],"curies":[{"name":"wp","href":"https:\/\/api.w.org\/{rel}","templated":true}]}}