{"id":157893,"date":"2026-02-02T23:54:41","date_gmt":"2026-02-02T21:54:41","guid":{"rendered":"https:\/\/handilifesport.com\/product\/saet-med-13-aerteposer\/"},"modified":"2026-02-02T23:54:41","modified_gmt":"2026-02-02T21:54:41","slug":"saet-med-13-aerteposer","status":"publish","type":"product","link":"https:\/\/handilifesport.com\/da\/vare\/saet-med-13-aerteposer\/","title":{"rendered":"S\u00e6t med 13 \u00e6rteposer"},"content":{"rendered":"","protected":false},"excerpt":{"rendered":"<p><span style=\"color: #ff0000;\">Dette s\u00e6t best\u00e5r af et ulige antal \u00e6rteposer i uregelm\u00e6ssige farver, men er ellers i fremragende kvalitet.<\/span><\/p>\n<p>Kan bruges til forskellige pr\u00e6cisionsspil. Poserne er fremstillet af polyester og fyldt med plastgranulat.<\/p>\n<p>Best\u00e5r af 5 gr\u00f8nne, 3 gule, 5 bl\u00e5 og 2 r\u00f8de \u00e6rteposer.<br \/>\nHver \u00e6rtepose vejer ca. 80 gram.<\/p>\n<p><span style=\"color: #ff0000;\">Outlet-produkter tages ikke retur.<\/span><\/p>\n<p><strong>BEM\u00c6RK:<\/strong> Priserne er ekskl. moms.<\/p>\n","protected":false},"featured_media":157753,"template":"","meta":{"_acf_changed":false,"neve_meta_sidebar":"","neve_meta_container":"","neve_meta_enable_content_width":"off","neve_meta_content_width":100,"neve_meta_title_alignment":"","neve_meta_author_avatar":"","neve_post_elements_order":"","neve_meta_disable_header":"","neve_meta_disable_footer":"","neve_meta_disable_title":"","neve_meta_reading_time":"","_ti_tpc_template_sync":false,"_ti_tpc_template_id":""},"product_cat":[5339],"product_tag":[],"segments":[],"sports":[],"class_list":{"0":"post-157893","1":"product","2":"type-product","3":"status-publish","4":"has-post-thumbnail","6":"product_cat-forskellige-spil-og-aktiviteter","7":"pa_countryorigin-dk-da","8":"pa_tarif-9506-6200-00-da","10":"first","11":"instock","12":"taxable","13":"shipping-taxable","14":"purchasable","15":"product-type-simple"},"acf":[],"aioseo_notices":[],"_links":{"self":[{"href":"https:\/\/handilifesport.com\/da\/wp-json\/wp\/v2\/product\/157893","targetHints":{"allow":["GET"]}}],"collection":[{"href":"https:\/\/handilifesport.com\/da\/wp-json\/wp\/v2\/product"}],"about":[{"href":"https:\/\/handilifesport.com\/da\/wp-json\/wp\/v2\/types\/product"}],"wp:featuredmedia":[{"embeddable":true,"href":"https:\/\/handilifesport.com\/da\/wp-json\/wp\/v2\/media\/157753"}],"wp:attachment":[{"href":"https:\/\/handilifesport.com\/da\/wp-json\/wp\/v2\/media?parent=157893"}],"wp:term":[{"taxonomy":"product_cat","embeddable":true,"href":"https:\/\/handilifesport.com\/da\/wp-json\/wp\/v2\/product_cat?post=157893"},{"taxonomy":"product_tag","embeddable":true,"href":"https:\/\/handilifesport.com\/da\/wp-json\/wp\/v2\/product_tag?post=157893"},{"taxonomy":"segments","embeddable":true,"href":"https:\/\/handilifesport.com\/da\/wp-json\/wp\/v2\/segments?post=157893"},{"taxonomy":"sports","embeddable":true,"href":"https:\/\/handilifesport.com\/da\/wp-json\/wp\/v2\/sports?post=157893"}],"curies":[{"name":"wp","href":"https:\/\/api.w.org\/{rel}","templated":true}]}}