{"id":157895,"date":"2026-02-03T00:04:10","date_gmt":"2026-02-02T22:04:10","guid":{"rendered":"https:\/\/handilifesport.com\/product\/saet-med-2-trimmy-ball-haandvaegte-700-gram\/"},"modified":"2026-02-03T00:04:10","modified_gmt":"2026-02-02T22:04:10","slug":"saet-med-2-trimmy-ball-haandvaegte-700-gram","status":"publish","type":"product","link":"https:\/\/handilifesport.com\/da\/vare\/saet-med-2-trimmy-ball-haandvaegte-700-gram\/","title":{"rendered":"S\u00e6t med 2 Trimmy Ball h\u00e5ndv\u00e6gte, 700 gram"},"content":{"rendered":"","protected":false},"excerpt":{"rendered":"<p><span style=\"color: #ff0000;\">Remmen, der bruges til at fastg\u00f8re v\u00e6gten til h\u00e5nden, er konstrueret forkert, hvilket g\u00f8r den mindre intuitiv at h\u00e5ndtere. Den er dog stadig funktionsdygtig \u2013 se fotos. Nogle v\u00e6gte har visuelle fejl i form af uj\u00e6vne syninger \u2013 se fotos.<\/span><\/p>\n<p>Et s\u00e6t med 2 Trimmy Ball h\u00e5ndv\u00e6gte.<\/p>\n<p>Trimmy Balls er udstyret med remme til fastg\u00f8relse p\u00e5 h\u00e5nden, s\u00e5 personer med nedsat grebsstyrke kan lave let styrketr\u00e6ning. Velegnet til l\u00f8b, fitness og genoptr\u00e6ning eller til tr\u00e6ning af boccia-kastebev\u00e6gelser.<\/p>\n<p>Hver bold vejer 700 gram.<br \/>\nFremstillet af \u00e6gte l\u00e6der. Meget behagelige at have p\u00e5.<\/p>\n<p>Leveres i en lille pose med sn\u00f8relukning.<\/p>\n<p><span style=\"color: #ff0000;\">Outlet-produkter tages ikke retur.<\/span><\/p>\n<p><strong>BEM\u00c6RK:<\/strong> Priserne er ekskl. moms.<\/p>\n","protected":false},"featured_media":157789,"template":"","meta":{"_acf_changed":false,"neve_meta_sidebar":"","neve_meta_container":"","neve_meta_enable_content_width":"off","neve_meta_content_width":100,"neve_meta_title_alignment":"","neve_meta_author_avatar":"","neve_post_elements_order":"","neve_meta_disable_header":"","neve_meta_disable_footer":"","neve_meta_disable_title":"","neve_meta_reading_time":"","_ti_tpc_template_sync":false,"_ti_tpc_template_id":""},"product_cat":[5342,5339],"product_tag":[],"segments":[],"sports":[],"class_list":{"0":"post-157895","1":"product","2":"type-product","3":"status-publish","4":"has-post-thumbnail","6":"product_cat-boccia-outlet-da","7":"product_cat-forskellige-spil-og-aktiviteter","8":"pa_countryorigin-dk-da","9":"pa_tarif-9506-9190-00-da","11":"first","12":"instock","13":"taxable","14":"shipping-taxable","15":"purchasable","16":"product-type-simple"},"acf":[],"aioseo_notices":[],"_links":{"self":[{"href":"https:\/\/handilifesport.com\/da\/wp-json\/wp\/v2\/product\/157895","targetHints":{"allow":["GET"]}}],"collection":[{"href":"https:\/\/handilifesport.com\/da\/wp-json\/wp\/v2\/product"}],"about":[{"href":"https:\/\/handilifesport.com\/da\/wp-json\/wp\/v2\/types\/product"}],"wp:featuredmedia":[{"embeddable":true,"href":"https:\/\/handilifesport.com\/da\/wp-json\/wp\/v2\/media\/157789"}],"wp:attachment":[{"href":"https:\/\/handilifesport.com\/da\/wp-json\/wp\/v2\/media?parent=157895"}],"wp:term":[{"taxonomy":"product_cat","embeddable":true,"href":"https:\/\/handilifesport.com\/da\/wp-json\/wp\/v2\/product_cat?post=157895"},{"taxonomy":"product_tag","embeddable":true,"href":"https:\/\/handilifesport.com\/da\/wp-json\/wp\/v2\/product_tag?post=157895"},{"taxonomy":"segments","embeddable":true,"href":"https:\/\/handilifesport.com\/da\/wp-json\/wp\/v2\/segments?post=157895"},{"taxonomy":"sports","embeddable":true,"href":"https:\/\/handilifesport.com\/da\/wp-json\/wp\/v2\/sports?post=157895"}],"curies":[{"name":"wp","href":"https:\/\/api.w.org\/{rel}","templated":true}]}}