{"id":157900,"date":"2026-02-03T00:22:34","date_gmt":"2026-02-02T22:22:34","guid":{"rendered":"https:\/\/handilifesport.com\/product\/saet-med-6-hvide-skumkegler\/"},"modified":"2026-02-03T00:22:34","modified_gmt":"2026-02-02T22:22:34","slug":"saet-med-6-hvide-skumkegler","status":"publish","type":"product","link":"https:\/\/handilifesport.com\/da\/vare\/saet-med-6-hvide-skumkegler\/","title":{"rendered":"S\u00e6t med 6 hvide skumkegler"},"content":{"rendered":"","protected":false},"excerpt":{"rendered":"<p><span style=\"color: #ff0000;\">Disse kegler er 2.-sortering af forskellige \u00e5rsager: Nogle har v\u00e6ret brugt p\u00e5 udstillinger, og nogle har mindre visuelle fejl.<\/span><\/p>\n<p>De lette, bl\u00f8de kegler er fremstillet af NBR-skum og er perfekte til indend\u00f8rs brug. Kombin\u00e9r dem med en bold for at spille indend\u00f8rs bowling, eller brug dem til pr\u00e6cisionsspil og aktiviteter \u2013 fremragende til boccia- eller petanque-tr\u00e6ning.<\/p>\n<p>Hver kegle er 29 cm h\u00f8j og vejer 150 gram.<\/p>\n<p><span style=\"color: #ff0000;\">Outlet-produkter tages ikke retur.<\/span><\/p>\n<p><strong>BEM\u00c6RK:<\/strong> Priserne er ekskl. moms.<\/p>\n","protected":false},"featured_media":157813,"template":"","meta":{"_acf_changed":false,"neve_meta_sidebar":"","neve_meta_container":"","neve_meta_enable_content_width":"off","neve_meta_content_width":100,"neve_meta_title_alignment":"","neve_meta_author_avatar":"","neve_post_elements_order":"","neve_meta_disable_header":"","neve_meta_disable_footer":"","neve_meta_disable_title":"","neve_meta_reading_time":"","_ti_tpc_template_sync":false,"_ti_tpc_template_id":""},"product_cat":[5342,5339],"product_tag":[],"segments":[],"sports":[],"class_list":{"0":"post-157900","1":"product","2":"type-product","3":"status-publish","4":"has-post-thumbnail","6":"product_cat-boccia-outlet-da","7":"product_cat-forskellige-spil-og-aktiviteter","8":"pa_countryorigin-dk-da","9":"pa_tarif-9506-9990-00-da","11":"first","12":"instock","13":"taxable","14":"shipping-taxable","15":"purchasable","16":"product-type-simple"},"acf":[],"aioseo_notices":[],"_links":{"self":[{"href":"https:\/\/handilifesport.com\/da\/wp-json\/wp\/v2\/product\/157900","targetHints":{"allow":["GET"]}}],"collection":[{"href":"https:\/\/handilifesport.com\/da\/wp-json\/wp\/v2\/product"}],"about":[{"href":"https:\/\/handilifesport.com\/da\/wp-json\/wp\/v2\/types\/product"}],"wp:featuredmedia":[{"embeddable":true,"href":"https:\/\/handilifesport.com\/da\/wp-json\/wp\/v2\/media\/157813"}],"wp:attachment":[{"href":"https:\/\/handilifesport.com\/da\/wp-json\/wp\/v2\/media?parent=157900"}],"wp:term":[{"taxonomy":"product_cat","embeddable":true,"href":"https:\/\/handilifesport.com\/da\/wp-json\/wp\/v2\/product_cat?post=157900"},{"taxonomy":"product_tag","embeddable":true,"href":"https:\/\/handilifesport.com\/da\/wp-json\/wp\/v2\/product_tag?post=157900"},{"taxonomy":"segments","embeddable":true,"href":"https:\/\/handilifesport.com\/da\/wp-json\/wp\/v2\/segments?post=157900"},{"taxonomy":"sports","embeddable":true,"href":"https:\/\/handilifesport.com\/da\/wp-json\/wp\/v2\/sports?post=157900"}],"curies":[{"name":"wp","href":"https:\/\/api.w.org\/{rel}","templated":true}]}}