{"id":157902,"date":"2026-02-03T00:31:15","date_gmt":"2026-02-02T22:31:15","guid":{"rendered":"https:\/\/handilifesport.com\/product\/komplet-indendoers-petanque-saet-med-12-bolde-og-2-maalbolde\/"},"modified":"2026-02-03T00:31:15","modified_gmt":"2026-02-02T22:31:15","slug":"komplet-indendoers-petanque-saet-med-12-bolde-og-2-maalbolde","status":"publish","type":"product","link":"https:\/\/handilifesport.com\/da\/vare\/komplet-indendoers-petanque-saet-med-12-bolde-og-2-maalbolde\/","title":{"rendered":"Komplet indend\u00f8rs petanque-s\u00e6t med 12 bolde og 2 m\u00e5lbolde"},"content":{"rendered":"","protected":false},"excerpt":{"rendered":"<p><span style=\"color: #ff0000;\">Boldene i s\u00e6ttet er 2.-sortering med forskellige fejl. De sorte og gule bolde er petanquebolde, mens de bl\u00e5 og hvide oprindeligt er lavet til boccia. De vejer alle cirka det samme og er fine til hygge- og fritidsspil.<\/span><\/p>\n<p>Spil petanque indend\u00f8rs med dette s\u00e6t best\u00e5ende af 3 sorte, 3 gule, 3 bl\u00e5 og 3 hvide bolde samt 2 m\u00e5lbolde i forskellige farver.<\/p>\n<p>Boldene er h\u00e5ndsyede, fremstillet af PU-l\u00e6der og fyldt med plastgranulat. M\u00e5lboldene er ogs\u00e5 lavet af PU-l\u00e6der, men fyldt med metalgranulat.<\/p>\n<p>Boldens diameter: ca. 8,5 cm.<br \/>\nBoldens v\u00e6gt: ca. 275\u2013300 gram.<br \/>\nM\u00e5lboldens diameter: ca. 4 cm.<\/p>\n<p><span style=\"color: #ff0000;\">Outlet-produkter tages ikke retur.<\/span><\/p>\n<p><strong>BEM\u00c6RK:<\/strong> Priserne er ekskl. moms.<\/p>\n","protected":false},"featured_media":157825,"template":"","meta":{"_acf_changed":false,"neve_meta_sidebar":"","neve_meta_container":"","neve_meta_enable_content_width":"off","neve_meta_content_width":100,"neve_meta_title_alignment":"","neve_meta_author_avatar":"","neve_post_elements_order":"","neve_meta_disable_header":"","neve_meta_disable_footer":"","neve_meta_disable_title":"","neve_meta_reading_time":"","_ti_tpc_template_sync":false,"_ti_tpc_template_id":""},"product_cat":[5339],"product_tag":[],"segments":[],"sports":[],"class_list":{"0":"post-157902","1":"product","2":"type-product","3":"status-publish","4":"has-post-thumbnail","6":"product_cat-forskellige-spil-og-aktiviteter","7":"pa_countryorigin-dk-da","8":"pa_tarif-9506-6200-00-da","10":"first","11":"instock","12":"taxable","13":"shipping-taxable","14":"purchasable","15":"product-type-simple"},"acf":[],"aioseo_notices":[],"_links":{"self":[{"href":"https:\/\/handilifesport.com\/da\/wp-json\/wp\/v2\/product\/157902","targetHints":{"allow":["GET"]}}],"collection":[{"href":"https:\/\/handilifesport.com\/da\/wp-json\/wp\/v2\/product"}],"about":[{"href":"https:\/\/handilifesport.com\/da\/wp-json\/wp\/v2\/types\/product"}],"wp:featuredmedia":[{"embeddable":true,"href":"https:\/\/handilifesport.com\/da\/wp-json\/wp\/v2\/media\/157825"}],"wp:attachment":[{"href":"https:\/\/handilifesport.com\/da\/wp-json\/wp\/v2\/media?parent=157902"}],"wp:term":[{"taxonomy":"product_cat","embeddable":true,"href":"https:\/\/handilifesport.com\/da\/wp-json\/wp\/v2\/product_cat?post=157902"},{"taxonomy":"product_tag","embeddable":true,"href":"https:\/\/handilifesport.com\/da\/wp-json\/wp\/v2\/product_tag?post=157902"},{"taxonomy":"segments","embeddable":true,"href":"https:\/\/handilifesport.com\/da\/wp-json\/wp\/v2\/segments?post=157902"},{"taxonomy":"sports","embeddable":true,"href":"https:\/\/handilifesport.com\/da\/wp-json\/wp\/v2\/sports?post=157902"}],"curies":[{"name":"wp","href":"https:\/\/api.w.org\/{rel}","templated":true}]}}