{"id":157931,"date":"2026-02-17T10:51:48","date_gmt":"2026-02-17T08:51:48","guid":{"rendered":"https:\/\/handilifesport.com\/?post_type=product&#038;p=157931"},"modified":"2026-02-17T12:16:49","modified_gmt":"2026-02-17T10:16:49","slug":"lobe-guide-copy","status":"publish","type":"product","link":"https:\/\/handilifesport.com\/da\/vare\/lobe-guide-copy\/","title":{"rendered":"Walking Globes til mennesker med synshandicap og deres guide"},"content":{"rendered":"","protected":false},"excerpt":{"rendered":"<p><strong>NYT: Walking Globes<\/strong><\/p>\n<p>Vi er glade for at kunne pr\u00e6sentere vores nye produkt til assisteret gang og l\u00f8b: Walking Globes \u2013 til synshandicappede og deres guider.<\/p>\n<p>Det enkle produkt best\u00e5r af to tr\u00e6kugler, der er forbundet med en 30 cm v\u00e6vet snor. Kuglerne, der er lavet af 100% naturligt tr\u00e6, er glatte og behagelige at holde i h\u00e5nden.<\/p>\n<p>Den synshandicappede person og deres guide holder hver en tr\u00e6kugle i en bl\u00f8dt lukket h\u00e5nd og forbinder dem uden at begr\u00e6nse dem.<\/p>\n<p>At g\u00e5 med Walking Globes giver en behagelig f\u00f8lelse af at g\u00e5 p\u00e5 egen h\u00e5nd uden at g\u00e5 p\u00e5 kompromis med sikkerheden.<\/p>\n<p>&nbsp;<\/p>\n<p><strong>Ovenn\u00e6vnte pris er ekskl. moms.<\/strong><br \/>\n<strong>Pris i DKK inkl. moms 75,- pr. stk.<\/strong><\/p>\n","protected":false},"featured_media":157975,"template":"","meta":{"_acf_changed":false,"neve_meta_sidebar":"","neve_meta_container":"","neve_meta_enable_content_width":"off","neve_meta_content_width":100,"neve_meta_title_alignment":"","neve_meta_author_avatar":"","neve_post_elements_order":"","neve_meta_disable_header":"","neve_meta_disable_footer":"","neve_meta_disable_title":"","neve_meta_reading_time":"","_ti_tpc_template_sync":false,"_ti_tpc_template_id":""},"product_cat":[4525,4166,4277],"product_tag":[],"segments":[4530],"sports":[],"class_list":{"0":"post-157931","1":"product","2":"type-product","3":"status-publish","4":"has-post-thumbnail","6":"product_cat-nye-produkter-da","7":"product_cat-blinde-sport-og-aktiviteter","8":"product_cat-loebe-guide","9":"pa_countryorigin-dk-da","10":"pa_tarif-9506-9990-00-da","11":"segments-blindeidraet","13":"first","14":"instock","15":"taxable","16":"shipping-taxable","17":"purchasable","18":"product-type-simple"},"acf":[],"aioseo_notices":[],"_links":{"self":[{"href":"https:\/\/handilifesport.com\/da\/wp-json\/wp\/v2\/product\/157931","targetHints":{"allow":["GET"]}}],"collection":[{"href":"https:\/\/handilifesport.com\/da\/wp-json\/wp\/v2\/product"}],"about":[{"href":"https:\/\/handilifesport.com\/da\/wp-json\/wp\/v2\/types\/product"}],"wp:featuredmedia":[{"embeddable":true,"href":"https:\/\/handilifesport.com\/da\/wp-json\/wp\/v2\/media\/157975"}],"wp:attachment":[{"href":"https:\/\/handilifesport.com\/da\/wp-json\/wp\/v2\/media?parent=157931"}],"wp:term":[{"taxonomy":"product_cat","embeddable":true,"href":"https:\/\/handilifesport.com\/da\/wp-json\/wp\/v2\/product_cat?post=157931"},{"taxonomy":"product_tag","embeddable":true,"href":"https:\/\/handilifesport.com\/da\/wp-json\/wp\/v2\/product_tag?post=157931"},{"taxonomy":"segments","embeddable":true,"href":"https:\/\/handilifesport.com\/da\/wp-json\/wp\/v2\/segments?post=157931"},{"taxonomy":"sports","embeddable":true,"href":"https:\/\/handilifesport.com\/da\/wp-json\/wp\/v2\/sports?post=157931"}],"curies":[{"name":"wp","href":"https:\/\/api.w.org\/{rel}","templated":true}]}}