{"id":158047,"date":"2026-02-17T14:09:06","date_gmt":"2026-02-17T12:09:06","guid":{"rendered":"https:\/\/handilifesport.com\/?post_type=product&#038;p=158047"},"modified":"2026-02-17T14:12:18","modified_gmt":"2026-02-17T12:12:18","slug":"beko-blind-sports-maske-med-naesebeskyttelse","status":"publish","type":"product","link":"https:\/\/handilifesport.com\/da\/vare\/beko-blind-sports-maske-med-naesebeskyttelse\/","title":{"rendered":"Beko Blind Sports Maske med n\u00e6sebeskyttelse"},"content":{"rendered":"","protected":false},"excerpt":{"rendered":"<p><strong>NYT: Beko Blind Sports Maske med n\u00e6sebeskyttelse<\/strong><\/p>\n<p>I dag er masker med n\u00e6sebeskyttelse p\u00e5kr\u00e6vet til b\u00e5de blindefodbold og goalball ved officielle konkurrencer for at beskytte spillernes sikkerhed.<\/p>\n<p>Vi er glade for at kunne tilbyde dig en maske, der er b\u00e5de holdbar, komfortabel, effektiv &#8211; og til en rimelig pris.<\/p>\n<p>\u2022 De to forst\u00e6rkende linjer p\u00e5 n\u00e6sen g\u00f8r beskyttelsen st\u00e6rkere.<br \/>\n\u2022 Masken i one-size tilpasser sig hovedets form.<br \/>\n\u2022 Skummet forbliver p\u00e5 plads og beh\u00f8ver ikke udskiftning.<\/p>\n<p>Masken kan vaskes i lunkent vand.<\/p>\n<p>Beko-masken lever op til REACH-standarderne for sikkerhed.<\/p>\n<p>Beko blindesportsmasken er af samme h\u00f8je kvalitet som vores velkendte Justa blindesportsmaske.<\/p>\n<p><em><strong>Bem\u00e6rk:\u00a0<\/strong>Vi giver rabat ved k\u00f8b af min. 6 Beko Blind Sports Masker.\u00a0<\/em><\/p>\n<p><strong>Ovenn\u00e6vnte pris er ekskl. moms.<\/strong><br \/>\n<strong>Pris i DKK inkl. moms 357,- pr. stk.<\/strong><\/p>\n","protected":false},"featured_media":157994,"template":"","meta":{"_acf_changed":false,"neve_meta_sidebar":"","neve_meta_container":"","neve_meta_enable_content_width":"off","neve_meta_content_width":100,"neve_meta_title_alignment":"","neve_meta_author_avatar":"","neve_post_elements_order":"","neve_meta_disable_header":"","neve_meta_disable_footer":"","neve_meta_disable_title":"","neve_meta_reading_time":"","_ti_tpc_template_sync":false,"_ti_tpc_template_id":""},"product_cat":[4525,4166,4207,4221,4222],"product_tag":[],"segments":[],"sports":[4536,4537,4544,4543,4542],"class_list":{"0":"post-158047","1":"product","2":"type-product","3":"status-publish","4":"has-post-thumbnail","6":"product_cat-nye-produkter-da","7":"product_cat-blinde-sport-og-aktiviteter","8":"product_cat-blinde-fodbold","9":"product_cat-goalball-og-torball","10":"product_cat-sportsmasker","11":"pa_countryorigin-dk-da","12":"pa_tarif-9004-9090-00-da","13":"sports-blinde-tennis","14":"sports-blindefodbold","15":"sports-goalball-da","16":"sports-showdown-da","17":"sports-torball-da","19":"first","20":"instock","21":"taxable","22":"shipping-taxable","23":"purchasable","24":"product-type-simple"},"acf":[],"aioseo_notices":[],"_links":{"self":[{"href":"https:\/\/handilifesport.com\/da\/wp-json\/wp\/v2\/product\/158047","targetHints":{"allow":["GET"]}}],"collection":[{"href":"https:\/\/handilifesport.com\/da\/wp-json\/wp\/v2\/product"}],"about":[{"href":"https:\/\/handilifesport.com\/da\/wp-json\/wp\/v2\/types\/product"}],"wp:featuredmedia":[{"embeddable":true,"href":"https:\/\/handilifesport.com\/da\/wp-json\/wp\/v2\/media\/157994"}],"wp:attachment":[{"href":"https:\/\/handilifesport.com\/da\/wp-json\/wp\/v2\/media?parent=158047"}],"wp:term":[{"taxonomy":"product_cat","embeddable":true,"href":"https:\/\/handilifesport.com\/da\/wp-json\/wp\/v2\/product_cat?post=158047"},{"taxonomy":"product_tag","embeddable":true,"href":"https:\/\/handilifesport.com\/da\/wp-json\/wp\/v2\/product_tag?post=158047"},{"taxonomy":"segments","embeddable":true,"href":"https:\/\/handilifesport.com\/da\/wp-json\/wp\/v2\/segments?post=158047"},{"taxonomy":"sports","embeddable":true,"href":"https:\/\/handilifesport.com\/da\/wp-json\/wp\/v2\/sports?post=158047"}],"curies":[{"name":"wp","href":"https:\/\/api.w.org\/{rel}","templated":true}]}}