{"id":158335,"date":"2026-04-14T12:12:29","date_gmt":"2026-04-14T10:12:29","guid":{"rendered":"https:\/\/handilifesport.com\/?post_type=product&#038;p=158335"},"modified":"2026-04-14T14:03:58","modified_gmt":"2026-04-14T12:03:58","slug":"trimmy-ball-handi-weights-2-stk-copy","status":"publish","type":"product","link":"https:\/\/handilifesport.com\/da\/vare\/trimmy-ball-handi-weights-2-stk-copy\/","title":{"rendered":"1 Trimmy Ball h\u00e5ndv\u00e6gt"},"content":{"rendered":"","protected":false},"excerpt":{"rendered":"<p>Trimmy Handi h\u00e5ndv\u00e6gt til bocciaspillere.<\/p>\n<div>\n<p class=\"pnumber\">Denne komfortable h\u00e5ndv\u00e6gt er lavet af PU og fyldt med tung granulat. Den fastg\u00f8res nemt til din h\u00e5nd med velcrostropper og kan ikke tabes.<\/p>\n<p class=\"pnumber\">Ideel til tr\u00e6ning af dine Boccia-bev\u00e6gelser.<\/p>\n<p class=\"pnumber\">\u2022 Fremstillet af \u00e6gte l\u00e6der<br data-start=\"280\" data-end=\"283\" \/>\u2022 3 st\u00f8rrelser: v\u00e6lg mellem 300, 700 eller 1000 gram<br data-start=\"335\" data-end=\"338\" \/>\u2022 Meget behagelige at have p\u00e5<br data-start=\"367\" data-end=\"370\" \/>\u2022 Let at tage p\u00e5 og sidder godt fast med velcrob\u00e5nd<br data-start=\"421\" data-end=\"424\" \/>\u2022 Fantastiske h\u00e5ndv\u00e6gte til tr\u00e6ning!<\/p>\n<p class=\"pnumber\">Leveres ogs\u00e5 som et s\u00e6t med to Trimmy Handi Weight-bolde (samme v\u00e6gt) i en \u00e6ske med tr\u00e6ningsprogram &#8211; <strong><a title=\"2 Trimmy Ball Handi Weights\" href=\"https:\/\/handilifesport.com\/da\/vare\/2-handi-vaegte\/\">for at bestille s\u00e6ttet klik her.<\/a><\/strong><\/p>\n<p><strong>Se her hvordan man tager h\u00e5ndv\u00e6gten p\u00e5:<\/strong><\/p>\n<\/div>\n<p><iframe src=\"https:\/\/www.youtube.com\/embed\/ppn1F6NRk-c?rel=0\" width=\"560\" height=\"315\" frameborder=\"0\" allowfullscreen=\"allowfullscreen\"><\/iframe><\/p>\n<div class=\"pnumber\"><strong>Ovenn\u00e6vnte pris er ekskl. moms.<br \/>\nPris i DKK inkl. moms 188,- pr. h\u00e5ndv\u00e6gt. <\/strong><\/div>\n","protected":false},"featured_media":158352,"template":"","meta":{"_acf_changed":false,"neve_meta_sidebar":"","neve_meta_container":"","neve_meta_enable_content_width":"off","neve_meta_content_width":100,"neve_meta_title_alignment":"","neve_meta_author_avatar":"","neve_post_elements_order":"","neve_meta_disable_header":"","neve_meta_disable_footer":"","neve_meta_disable_title":"","neve_meta_reading_time":"","_ti_tpc_template_sync":false,"_ti_tpc_template_id":""},"product_cat":[4291,4167],"product_tag":[4782,4781,4783,4784],"segments":[],"sports":[],"class_list":{"0":"post-158335","1":"product","2":"type-product","3":"status-publish","4":"has-post-thumbnail","6":"product_cat-boccia-traeningsaktiviteter","7":"product_cat-rehab-og-fysio-da","8":"product_tag-handvaegte-da","9":"product_tag-handvaegte-man-ikke-kan-tabe","10":"product_tag-handvaegte-med-velcro-da","11":"product_tag-handvaegte-til-stolegymnastik-da","12":"pa_countryorigin-dk-da","13":"pa_tarif-9506-9190-00-da","14":"pa_weight-1000-gram-da","15":"pa_weight-300-gram-da","16":"pa_weight-700-gram-da","18":"first","19":"instock","20":"taxable","21":"shipping-taxable","22":"product-type-variable"},"acf":[],"aioseo_notices":[],"_links":{"self":[{"href":"https:\/\/handilifesport.com\/da\/wp-json\/wp\/v2\/product\/158335","targetHints":{"allow":["GET"]}}],"collection":[{"href":"https:\/\/handilifesport.com\/da\/wp-json\/wp\/v2\/product"}],"about":[{"href":"https:\/\/handilifesport.com\/da\/wp-json\/wp\/v2\/types\/product"}],"wp:featuredmedia":[{"embeddable":true,"href":"https:\/\/handilifesport.com\/da\/wp-json\/wp\/v2\/media\/158352"}],"wp:attachment":[{"href":"https:\/\/handilifesport.com\/da\/wp-json\/wp\/v2\/media?parent=158335"}],"wp:term":[{"taxonomy":"product_cat","embeddable":true,"href":"https:\/\/handilifesport.com\/da\/wp-json\/wp\/v2\/product_cat?post=158335"},{"taxonomy":"product_tag","embeddable":true,"href":"https:\/\/handilifesport.com\/da\/wp-json\/wp\/v2\/product_tag?post=158335"},{"taxonomy":"segments","embeddable":true,"href":"https:\/\/handilifesport.com\/da\/wp-json\/wp\/v2\/segments?post=158335"},{"taxonomy":"sports","embeddable":true,"href":"https:\/\/handilifesport.com\/da\/wp-json\/wp\/v2\/sports?post=158335"}],"curies":[{"name":"wp","href":"https:\/\/api.w.org\/{rel}","templated":true}]}}