{"id":158442,"date":"2026-04-20T13:09:18","date_gmt":"2026-04-20T11:09:18","guid":{"rendered":"https:\/\/handilifesport.com\/product\/suno-foam-bold\/"},"modified":"2026-04-20T13:09:18","modified_gmt":"2026-04-20T11:09:18","slug":"suno-foam-bold","status":"publish","type":"product","link":"https:\/\/handilifesport.com\/da\/vare\/suno-foam-bold\/","title":{"rendered":"Suno Foam bold"},"content":{"rendered":"","protected":false},"excerpt":{"rendered":"<p><strong>NYHED: SUNO FOAM Bold<\/strong><\/p>\n<p>Suno \u00a0Foam ball er en helt ny bold, som vi har udviklet baseret p\u00e5 kunde\u00f8nsker:<\/p>\n<p>Suno er en let gylden skumbold (v\u00e6gt ca. 85 gram, diameter 12 cm) ,med en rund lydgiver midt i bolden. Raslelyden er spr\u00f8d og afd\u00e6mpet.<\/p>\n<p>B\u00f8rn og unge elsker den bl\u00f8de og lette Suno bold \u2013 fordi den er s\u00e5 nem at holde, trille eller kaste!<\/p>\n<p>Synshandicappede i alle aldre kan dog have gl\u00e6de af denne multifunktionelle tr\u00e6nings- og legebold.<\/p>\n<p>Bolden bruges ogs\u00e5 til blindetennis.<\/p>\n<p><strong>Ovenn\u00e6vnte pris er ekskl. moms.<\/strong><br \/>\n<strong>Pris i DKK inkl. moms 141,- pr. stk.<\/strong><\/p>\n","protected":false},"featured_media":158405,"template":"","meta":{"_acf_changed":false,"neve_meta_sidebar":"","neve_meta_container":"","neve_meta_enable_content_width":"off","neve_meta_content_width":100,"neve_meta_title_alignment":"","neve_meta_author_avatar":"","neve_post_elements_order":"","neve_meta_disable_header":"","neve_meta_disable_footer":"","neve_meta_disable_title":"","neve_meta_reading_time":"","_ti_tpc_template_sync":false,"_ti_tpc_template_id":""},"product_cat":[4525,4166,4247,4397],"product_tag":[],"segments":[4530,5042,4529,4532],"sports":[4536],"class_list":{"0":"post-158442","1":"product","2":"type-product","3":"status-publish","4":"has-post-thumbnail","6":"product_cat-nye-produkter-da","7":"product_cat-blinde-sport-og-aktiviteter","8":"product_cat-andre-lydbolde","9":"product_cat-oevrige-bolde","10":"pa_countryorigin-dk-da","11":"pa_tarif-9506-6100-00-da","12":"segments-blindeidraet","13":"segments-boernehave-og-indskoling","14":"segments-firma-og-familiesport","15":"segments-plejecentre","16":"sports-blinde-tennis","18":"first","19":"instock","20":"taxable","21":"shipping-taxable","22":"purchasable","23":"product-type-simple"},"acf":[],"aioseo_notices":[],"_links":{"self":[{"href":"https:\/\/handilifesport.com\/da\/wp-json\/wp\/v2\/product\/158442","targetHints":{"allow":["GET"]}}],"collection":[{"href":"https:\/\/handilifesport.com\/da\/wp-json\/wp\/v2\/product"}],"about":[{"href":"https:\/\/handilifesport.com\/da\/wp-json\/wp\/v2\/types\/product"}],"wp:featuredmedia":[{"embeddable":true,"href":"https:\/\/handilifesport.com\/da\/wp-json\/wp\/v2\/media\/158405"}],"wp:attachment":[{"href":"https:\/\/handilifesport.com\/da\/wp-json\/wp\/v2\/media?parent=158442"}],"wp:term":[{"taxonomy":"product_cat","embeddable":true,"href":"https:\/\/handilifesport.com\/da\/wp-json\/wp\/v2\/product_cat?post=158442"},{"taxonomy":"product_tag","embeddable":true,"href":"https:\/\/handilifesport.com\/da\/wp-json\/wp\/v2\/product_tag?post=158442"},{"taxonomy":"segments","embeddable":true,"href":"https:\/\/handilifesport.com\/da\/wp-json\/wp\/v2\/segments?post=158442"},{"taxonomy":"sports","embeddable":true,"href":"https:\/\/handilifesport.com\/da\/wp-json\/wp\/v2\/sports?post=158442"}],"curies":[{"name":"wp","href":"https:\/\/api.w.org\/{rel}","templated":true}]}}